{"id":1655,"date":"2023-03-15T18:16:25","date_gmt":"2023-03-16T00:16:25","guid":{"rendered":"https:\/\/gruposentsovi.com\/?page_id=1655"},"modified":"2023-04-14T16:09:19","modified_gmt":"2023-04-14T22:09:19","slug":"terminos-y-condiciones","status":"publish","type":"page","link":"https:\/\/gruposentsovi.com\/index.php\/terminos-y-condiciones\/","title":{"rendered":"T\u00e9rminos y condiciones"},"content":{"rendered":"\n<div class=\"wp-block-uagb-image uagb-block-82559ede wp-block-uagb-image--layout-default wp-block-uagb-image--effect-static wp-block-uagb-image--align-none\"><figure class=\"wp-block-uagb-image__figure\"><img decoding=\"async\" srcset=\"https:\/\/gruposentsovi.com\/wp-content\/uploads\/2023\/03\/quienes-somos-500-\u00d7-200-px-14-1-1024x65.png \" src=\"https:\/\/gruposentsovi.com\/wp-content\/uploads\/2023\/03\/quienes-somos-500-\u00d7-200-px-14-1-1024x65.png\" alt=\"\" class=\"uag-image-1968\" width=\"829\" height=\"53\" title=\"\" loading=\"lazy\"\/><\/figure><\/div>\n\n\n\n<div style=\"height:50px\" aria-hidden=\"true\" class=\"wp-block-spacer\"><\/div>\n\n\n\n<p>Estos T\u00e9rminos y Condiciones de Uso (los \u201cT\u00e9rminos\u201d, \u201cCondiciones\u201d \u00f3 \u201cT&amp;C\u201d) conforman el acuerdo legal entre el usuario, fuera \u00e9ste una persona natural o una persona jur\u00eddica, (en adelante \u201cusuario\u201d \u00f3 \u201custed\u201d), y Grupo Sent Sov\u00ed, S.A. (\u201cGSS\u201d). Estos T\u00e9rminos y Condiciones de Uso regir\u00e1n la manera como el usuario podr\u00e1 hacer uso de los productos y servicios ofrecidos por GSS, incluyendo cualquier representaci\u00f3n, por escrito o de cualquier otra forma, de dichos productos y servicios.<\/p>\n\n\n\n<p>Los presentes T\u00e9rminos y Condiciones podr\u00e1n cambiar en cualquier momento. Es importante que lea y comprenda estos T&amp;C pues el uso de este sitio web (\u201cSitio Web\u201d), y cualquier otro medio de comunicaci\u00f3n e interacci\u00f3n tales como aplicaciones m\u00f3viles y redes sociales (en adelante y en conjunto los \u201cMedios\u201d) implica su acuerdo con todas las disposiciones aqu\u00ed expuestas, y su consentimiento legal y expreso de adherirse a estos t\u00e9rminos, y obligarse a cumplir con las regulaciones enumeradas.<\/p>\n\n\n\n<p>El Sitio Web es de propiedad y administrado por Grupo Sent Sov\u00ed, S.A., con domicilio legal en San Jos\u00e9, Costa Rica, San Rafael de Escaz\u00fa, Edificio Spazio Ejecutivo, tercer piso, oficina catorce.<\/p>\n\n\n\n<p><strong>Contenido del Sitio Web<\/strong><\/p>\n\n\n\n<p>El Sitio Web expone informaci\u00f3n general de las actividades desarrolladas y de los productos comercializados por Grupo Sent Sov\u00ed, S.A. En el caso que Usted desee recibir informaci\u00f3n detallada de nuestros productos y servicios y\/o una propuesta comercial, por favor cont\u00e1ctenos en forma directa en la secci\u00f3n de Contacto.<\/p>\n\n\n\n<p>En nuestro Sitio Web podr\u00e1 encontrar informaci\u00f3n y enlaces relacionados con puntos de venta, marcas y productos de proveedores, ferias y eventos, socios comerciales, y, en general, empresas afines. Estos enlaces corresponden a informaci\u00f3n de contacto de terceros. GSS se limita a exhibir los datos de contacto de ese tercero y no asume ning\u00fan tipo de responsabilidad por las acciones de \u00e9stos en el v\u00ednculo con sus clientes. Si Usted tiene dudas respecto de cualquier tercero que manifieste comercializar productos de GSS, o estar relacionado con GSS, puede contactarnos en forma directa en la secci\u00f3n de Contacto. Sus dudas ser\u00e1n atendidas a la brevedad y de manera confidencial si as\u00ed lo requiere.<\/p>\n\n\n\n<p><strong>Conducta y Uso Aceptable<\/strong><\/p>\n\n\n\n<p>Usted es enteramente responsable por su conducta y el uso que haga de la informaci\u00f3n suministrada a trav\u00e9s de nuestros Medios. GSS no se hace responsable por la manera como usted use o interprete la informaci\u00f3n obtenida o visualizada a trav\u00e9s del Sitio Web de GSS. El Sitio Web de GSS es para su uso personal, o el uso interno de su negocio solamente, y deber\u00e1 acatar en todo momento las pol\u00edticas, regulaciones y normas de GSS. De igual manera, no podr\u00e1 infringir las normas establecidas por alg\u00fan tercero a trav\u00e9s del uso del Sitio Web de GSS. No podr\u00e1 utilizar el Sitio Web de GSS para ning\u00fan fin comercial, incluyendo sin limitaciones la venta de productos o servicios, licencias, representaci\u00f3n, o distribuci\u00f3n de productos y servicios propiedad de GSS a cualquier tercero a menos que haya recibido autorizaci\u00f3n expresa y escrita de parte de GSS con anticipaci\u00f3n.<\/p>\n\n\n\n<p>El uso sin autorizaci\u00f3n de cualquier equipo electr\u00f3nico de GSS ser\u00e1 considerado una violaci\u00f3n a \u00e9stos T\u00e9rminos, y podr\u00e1 ser considerado una violaci\u00f3n a las Leyes tanto del domicilio legal de GSS como del pa\u00eds donde dichos equipos se encuentren f\u00edsicamente ubicados. Dichas violaciones podr\u00e1n exponer a los usuarios no autorizados, as\u00ed como sus agentes, a procesos tanto civiles como criminales. GSS se reserva el derecho de remover sin previo aviso cualquier contenido que considere inapropiado, ofensivo, o que atente contra la moral, las buenas costumbres, o los valores de GSS, as\u00ed como suspender o cancelar cuentas y usuarios si descubre alg\u00fan intento de uso ilegal de la informaci\u00f3n o el Sitio Web de GSS por parte de alg\u00fan usuario.<\/p>\n\n\n\n<p>Durante su uso del Sitio Web de GSS est\u00e1 terminantemente prohibido abusar de los derechos y\/o privacidad de cualquier otro usuario, o miembros del equipo de GSS. Adicionalmente, no est\u00e1 permitido cargar ning\u00fan archivo directamente al Sitio Web de GSS o a trav\u00e9s de cualquiera de sus portales, correr ning\u00fan tipo de test de vulnerabilidad, o test de autenticidad. Queda estrictamente prohibido enviar viruses, spam, worms, malware, o realizar cualquier acci\u00f3n que pueda afectar el funcionamiento normal y eficiente del Sitio Web de GSS y el flujo normal de la informaci\u00f3n que \u00e9ste contiene. Tambi\u00e9n queda expresamente prohibido realizar cualquier uso de t\u00e9cnicas de miner\u00eda de datos, robots o herramientas similares para la recolecci\u00f3n y extracci\u00f3n de datos sobre el Sitio Web de GSS. No est\u00e1 permitido el uso de lenguaje o im\u00e1genes ofensivas, cualquier material il\u00edcito, o informaci\u00f3n de car\u00e1cter enga\u00f1oso o fraudulento.<\/p>\n\n\n\n<p>No est\u00e1 permitido copiar ning\u00fan archivo, imagen, o contenido del Sitio Web de GSS, ni hacer aparecer marcas mediante framing \u2013 es decir reflejar el contenido del Sitio Web en la web de un tercero dando la impresi\u00f3n de que pertenece a los contenidos de esa p\u00e1gina \u2013 ni utilizar t\u00e9cnicas de framing para exhibir una marca, logo ni otros derechos de propiedad intelectual o informaci\u00f3n relacionada (lo que incluye im\u00e1genes, texto, dise\u00f1os de p\u00e1gina o formularios) pertenecientes a GSS sin el consentimiento expreso y por escrito de GSS. Usted no est\u00e1 autorizado a utilizar meta tags ni ning\u00fan otro texto oculto usando el nombre o marcas de GSS sin el expreso consentimiento por escrito de \u00e9ste \u00faltimo. No se otorgan por el presente, ni en forma expresa ni t\u00e1cita, derechos ni licencia alguna sobre el material ni ninguna parte de \u00e9l, no pudiendo as\u00ed modificar, reproducir, distribuir, publicar nuevamente, exhibir ni transmitir ning\u00fan contenido sin la previa autorizaci\u00f3n por escrito de GSS.<\/p>\n\n\n\n<p><strong>Pol\u00edtica de Privacidad y Seguridad<\/strong><\/p>\n\n\n\n<p>Al hacer uso del Sitio Web de GSS confirma haber le\u00eddo la Pol\u00edtica de Privacidad y Seguridad (la \u201cPol\u00edtica\u201d \u00f3 \u201cPP&amp;S\u201d), la cual podr\u00e1 encontrar en:\u00a0<a href=\"https:\/\/gruposentsovi.com\/index.php\/politicas-de-privacidad\/\"><mark style=\"background-color:rgba(0, 0, 0, 0)\" class=\"has-inline-color has-ast-global-color-0-color\">https:\/\/www.gruposentsovi.com\/politicas-de-privacidad\/<\/mark><\/a>, incluyendo la secci\u00f3n sobre uso de cookies, cuyos t\u00e9rminos se incorporan a los presentes T&amp;C, y acepta que dichos t\u00e9rminos de la PP&amp;S son razonables. Usted presta su consentimiento al uso de su informaci\u00f3n personal conforme a los T\u00e9rminos y para los objetivos establecidos en nuestras Pol\u00edtica.<\/p>\n\n\n\n<p><strong>Derechos de Propiedad Intelectual y Derechos de Autor (Copyright)<\/strong><\/p>\n\n\n\n<p>Salvo disposici\u00f3n en contrario, el Sitio Web y todos los materiales, incluyendo marcas, im\u00e1genes, ilustraciones, dise\u00f1os, \u00edconos, logos, fotograf\u00edas y dem\u00e1s que sean parte del Sitio Web est\u00e1n sujetos a derechos de propiedad intelectual que pertenecen, son controlados o cuya licencia ha sido otorgada a GSS y\/o a cualquiera de sus afiliadas. Usted NO est\u00e1 autorizado a reproducir, copiar, transmitir, descompilar, modificar ni crear obras derivadas en relaci\u00f3n con el Sitio Web ni ninguno de sus contenidos.<\/p>\n\n\n\n<p>Si usted cree que GSS est\u00e1 infringiendo alg\u00fan derecho de autor o de propiedad le agradecemos se ponga en contacto con nosotros de inmediato a trav\u00e9s de nuestra p\u00e1gina de contacto. Nos reservamos el derecho de eliminar cualquier contenido que pueda estar atentando contra los derechos de propiedad.<\/p>\n\n\n\n<p>Todos los derechos que no hayan sido expresamente otorgados al usuario en estos T\u00e9rminos y Condiciones quedan reservados a GSS.<\/p>\n\n\n\n<p><strong>Publicidad<\/strong><\/p>\n\n\n\n<p>Todo usuario de GSS est\u00e1 en libertad de decir p\u00fablicamente que es un cliente de GSS. Al aceptar nuestros T\u00e9rminos, cualquier usuario acepta de igual manera que GSS incluya su nombre en una lista de clientes y utilice su nombre en materiales promocionales. De igual manera el usuario acepta que GSS utilice verbalmente el nombre del usuario como una referencia al momento de solicitar nuevos clientes. Si no est\u00e1 de acuerdo con el uso de su nombre con motivos publicitarios favor contactarnos al correo&nbsp;privacy@gruposentsovi.com.<\/p>\n\n\n\n<p><strong>Continuidad del Servicio<\/strong><\/p>\n\n\n\n<p>GSS no garantiza la continuidad del Sitio Web ni su disponibilidad en forma permanente. Por tanto, el usuario reconoce que carece de todo derecho y\/o acci\u00f3n alguna contra GSS en virtud o por raz\u00f3n de la falta de disponibilidad del Sitio Web, sin importar las causas de dicha discontinuidad ni la extensi\u00f3n de la falta de servicio.<\/p>\n\n\n\n<p><strong>Garant\u00eda de Indemnidad<\/strong><\/p>\n\n\n\n<p>Con el m\u00e1ximo alcance permitido por la ley, usted se compromete a defender, indemnizar y exonerar a GSS y a sus funcionarios, directores, accionistas, representantes, empleados y sucesores contra todo y cualquier reclamo, da\u00f1o, perjuicio, costos y gastos, lo que incluye costos legales y honorarios de abogados, derivados de, o que se relacionen con una violaci\u00f3n de estos T\u00e9rminos y Condiciones llevada a cabo por usted o sus representantes, o una infracci\u00f3n a los derechos de un tercero, lo cual incluye entre otras cosas, la violaci\u00f3n a derechos intelectuales o patrimoniales, su uso del Sitio Web o el acceso al mismo por cualquier otra persona utilizando sus credenciales de acceso, o el uso de dichos sitios por un tercero que acceda a ellos en su nombre o en calidad de su representante.<\/p>\n\n\n\n<p><strong>Exenciones de Garant\u00eda<\/strong><\/p>\n\n\n\n<p>USTED ACEPTA QUE LOS PRODUCTOS Y SERVICIOS OFRECIDOS POR GSS, INCLUYENDO EL USO DE LOS MEDIOS, SE PROPORCIONAN \u201cTAL CUAL\u201d, SIN DECLARACI\u00d3N O GARANT\u00cdA DE NING\u00daN TIPO O DE TERCEROS, INCLUIDA, SIN LIMITACI\u00d3N, CUALQUIER GARANT\u00cdA EXPRESA O IMPL\u00cdCITA 1) DE COMERCIABILIDAD O APTITUD PARA UN PROP\u00d3SITO EN PARTICULAR, 2) DE CONTENIDO O PRECISI\u00d3N INFORMATIVA, 3) DE NO INFRACCI\u00d3N, 4) DE DISFRUTE TRANQUILO, 5) DE T\u00cdTULO, 6) QUE LOS MEDIOS FUNCIONAR\u00c1N SIN ERRORES O SIN INTERRUPCIONES O QUE NO TIENE VIRUS U OTROS COMPONENTES DA\u00d1INOS, 7) QUE CUALQUIER DEFECTO O ERROR EN LOS MEDIOS SER\u00c1 CORREGIDO, O 8) QUE LOS MEDIOS SON COMPATIBLES CON CUALQUIER PLATAFORMA DE HARDWARE O SOFTWARE EN PARTICULAR.<\/p>\n\n\n\n<p>LOS ESFUERZOS DE GSS PARA MODIFICAR Y MEJORAR SUS PRODUCTOS Y SERVICIOS, INCLUYENDO MODIFICACIONES A SUS MEDIOS, NO SE CONSIDERAR\u00c1N COMO UNA RENUNCIA A ESTAS LIMITACIONES.<\/p>\n\n\n\n<p>USTED ENTIENDE Y ACEPTA QUE EL USO DE NUESTROS PRODUCTOS Y SERVICIOS, INCLUYENDO SIN LIMITACIONES EL ACCESO Y USO A NUESTROS MEDIOS, LO HACE A SU DISCRECI\u00d3N Y BAJO SU PROPIO RIESGO, Y QUE SOLAMENTE USTED SER\u00c1 RESPONSABLE POR CUALQUIER DA\u00d1O OCASIONADO A SU PERSONA Y A TERCEROS, INCLUYENDO DA\u00d1OS MATERIALES A SUS EQUIPOS, O CUALQUIER P\u00c9RDIDA DE DATOS E INFORMACI\u00d3N RESULTANTE DEL USO DE LOS PRODUCTOS Y SERVICIOS.<\/p>\n\n\n\n<p><strong>Limitaci\u00f3n de Responsabilidad<\/strong><\/p>\n\n\n\n<p>HASTA EL L\u00cdMITE PERMITIDO POR LA LEY Y REGULACIONES APLICABLES, GSS, SUS SUPLIDORES, SOCIOS DE NEGOCIOS, O EMPRESAS DEL GRUPO, NO SER\u00c1N RESPONSABLES POR LOS DA\u00d1OS Y PERJUICIOS DIRECTOS, INDIRECTOS, INCIDENTALES, MEDIATOS, ESPECIALES, O PUNITIVOS DE NING\u00daN TIPO, YA SEA QUE DERIVEN DE RESPONSABILIDAD CONTRACTUAL O EXTRACONTRACTUAL, RESULTANTES DE CULPA O NEGLIGENCIA, O RESPONSABILIDAD OBJETIVA, O DERIVADO DE CUALQUIER OTRA TEOR\u00cdA,LO CUAL INCLUYE, A MODO ILUSTRATIVO, EL LUCRO CESANTE, LA P\u00c9RDIDA DE LAPOSIBILIDAD DE USAR, P\u00c9RDIDA DE DATOS U OTROS INTANGIBLES, INCLUSO SI GSS HUBIERA SIDO NOTIFICADO SOBRE DICHOS DA\u00d1OS Y PERJUICIOS, POR EL USO DE SUS PRODUCTOS Y SERVICIOS. EN PARTICULAR, Y A MERO MODO ENUNCIATIVO, GSS NO SER\u00c1RESPONSABLE POR LOS DA\u00d1OS Y PERJUICIOS DE NING\u00daN TIPO QUE DERIVEN DEL USO OLA IMPOSIBILIDAD DE USAR EL SITIO WEB NI TAMPOCO DE NING\u00daN CONTENIDO PUBLICADO EN EL MISMO.<\/p>\n\n\n\n<p>NO OBSTANTE, NADA EN ESTE P\u00c1RRAFO SER\u00c1 INTERPRETADO DE MODO DE AFECTAR LASGARANT\u00cdAS PARTICULARES DE LOS PRODUCTOS QUE SON GARANT\u00cdAS EST\u00c1NDAR PARALOS PRODUCTOS DE GSS. SU \u00daNICO RECURSO EN CASO DE NO ESTAR SATISFECHO CON EL SITIO WEB Y\/O CON SU CONTENIDO ES CESAR EN EL USO DEL MISMO.<\/p>\n\n\n\n<p>USTED ACEPTA QUE EL USO DE LOS SITIOS WEB ES A SU EXCLUSIVO RIESGO Y QUE USTED SER\u00c1 EL \u00daNICO RESPONSABLE POR LOS DA\u00d1OS QUE PUDIERA SUFRIR SU SISTEMAINFORM\u00c1TICO O POR LA P\u00c9RDIDA DE DATOS QUE PUDIERA RESULTAR DE SU ACCESO,NAVEGACI\u00d3N O USO DEL SITIO WEB, Y\/O POR LA DESCARGA O USO DE MATERIAL, DATOS,TEXTOS O IM\u00c1GENES DEL MISMO.<\/p>\n\n\n\n<p><strong>Ley Aplicable y Resoluci\u00f3n de Conflictos<\/strong><\/p>\n\n\n\n<p>Estos T\u00e9rminos y Condiciones, as\u00ed como su actividad vinculada con el Sitio Web, quedan sujetos a las leyes de Costa Rica. Cualquier disputa vinculada a los mismos quedar\u00e1 sujeta a la competencia de los Tribunales competentes en la Cuidad de San Jos\u00e9, Costa Rica, renunciando las partes a cualquier otro fuero o jurisdicci\u00f3n que pudiera resultar aplicable.<\/p>\n\n\n\n<p><strong>Contrato Completo y Asignaci\u00f3n<\/strong><\/p>\n\n\n\n<p>Estos T\u00e9rminos y Condiciones, incluyendo la Pol\u00edtica de Privacidad y Seguridad, constituyen la totalidad del acuerdo entre usted y GSS, y sustituye todos los acuerdos y entendimientos anteriores, escritos u orales, entre usted y GSS. La declaratoria de nulidad o ilegalidad de alguna o algunas de las cl\u00e1usulas de estos T\u00e9rminos no afectar\u00e1 en modo o forma alguna la validez, legalidad, exigibilidad, ejecutividad y cumplimiento de las restantes cl\u00e1usulas de estos T\u00e9rminos y Condiciones. Cualquier falta por parte de GSS de enforzar alguna cl\u00e1usula de estos T\u00e9rminos no constituye un causa para invalidar dicha cl\u00e1usula en un futuro. Cualquier invalidaci\u00f3n de alguna cl\u00e1usula de estos T&amp;C ser\u00e1 s\u00f3lo v\u00e1lidad por escrito y debidamente firmada por un agente autorizado para tal fin de GSS. Usted no tendr\u00e1 la potestad de transferir o asignar ning\u00fan derecho bajo estos T\u00e9rminos, pero entiende y acepta que GSS podr\u00e1 libremente asignar o transferir sus derechos y obligaciones bajo estos T&amp;C. Cualquier intento de asignar o transferir sus derechos estar\u00e1 en violaci\u00f3n de los presentes T\u00e9rminos y quedar\u00e1 nula y sin valor.<\/p>\n\n\n\n<p><strong>Notificaciones<\/strong><\/p>\n\n\n\n<p>Toda consulta relacionada con los T\u00e9rminos y Condiciones de Uso de GSS deber\u00e1 serdirigida al correo electr\u00f3nico\u00a0<a href=\"mailto:support@gruposentsovi.com\"><mark style=\"background-color:rgba(0, 0, 0, 0)\" class=\"has-inline-color has-ast-global-color-0-color\">support@gruposentsovi.com<\/mark><\/a>.<\/p>\n\n\n\n<p class=\"has-small-font-size\" style=\"font-style:italic;font-weight:300\">\u00daltima modificaci\u00f3n: 2023-03-15<\/p>\n","protected":false},"excerpt":{"rendered":"<p>Estos T\u00e9rminos y Condiciones de Uso (los \u201cT\u00e9rminos\u201d, \u201cCondiciones\u201d \u00f3 \u201cT&amp;C\u201d) conforman el acuerdo legal entre el usuario, fuera \u00e9ste una persona natural o una persona jur\u00eddica, (en adelante \u201cusuario\u201d \u00f3 \u201custed\u201d), y Grupo Sent Sov\u00ed, S.A. (\u201cGSS\u201d). Estos T\u00e9rminos y Condiciones de Uso regir\u00e1n la manera como el usuario podr\u00e1 hacer uso de los [&hellip;]<\/p>\n","protected":false},"author":1,"featured_media":0,"parent":0,"menu_order":0,"comment_status":"closed","ping_status":"closed","template":"","meta":{"_uag_custom_page_level_css":"","site-sidebar-layout":"default","site-content-layout":"","ast-site-content-layout":"default","site-content-style":"default","site-sidebar-style":"default","ast-global-header-display":"","ast-banner-title-visibility":"","ast-main-header-display":"","ast-hfb-above-header-display":"","ast-hfb-below-header-display":"","ast-hfb-mobile-header-display":"","site-post-title":"disabled","ast-breadcrumbs-content":"","ast-featured-img":"","footer-sml-layout":"","ast-disable-related-posts":"","theme-transparent-header-meta":"","adv-header-id-meta":"","stick-header-meta":"","header-above-stick-meta":"","header-main-stick-meta":"","header-below-stick-meta":"","astra-migrate-meta-layouts":"default","ast-page-background-enabled":"default","ast-page-background-meta":{"desktop":{"background-color":"","background-image":"","background-repeat":"repeat","background-position":"center center","background-size":"auto","background-attachment":"scroll","background-type":"","background-media":"","overlay-type":"","overlay-color":"","overlay-opacity":"","overlay-gradient":""},"tablet":{"background-color":"","background-image":"","background-repeat":"repeat","background-position":"center center","background-size":"auto","background-attachment":"scroll","background-type":"","background-media":"","overlay-type":"","overlay-color":"","overlay-opacity":"","overlay-gradient":""},"mobile":{"background-color":"","background-image":"","background-repeat":"repeat","background-position":"center center","background-size":"auto","background-attachment":"scroll","background-type":"","background-media":"","overlay-type":"","overlay-color":"","overlay-opacity":"","overlay-gradient":""}},"ast-content-background-meta":{"desktop":{"background-color":"var(--ast-global-color-5)","background-image":"","background-repeat":"repeat","background-position":"center center","background-size":"auto","background-attachment":"scroll","background-type":"","background-media":"","overlay-type":"","overlay-color":"","overlay-opacity":"","overlay-gradient":""},"tablet":{"background-color":"var(--ast-global-color-5)","background-image":"","background-repeat":"repeat","background-position":"center center","background-size":"auto","background-attachment":"scroll","background-type":"","background-media":"","overlay-type":"","overlay-color":"","overlay-opacity":"","overlay-gradient":""},"mobile":{"background-color":"var(--ast-global-color-5)","background-image":"","background-repeat":"repeat","background-position":"center center","background-size":"auto","background-attachment":"scroll","background-type":"","background-media":"","overlay-type":"","overlay-color":"","overlay-opacity":"","overlay-gradient":""}},"_themeisle_gutenberg_block_has_review":false,"footnotes":""},"class_list":["post-1655","page","type-page","status-publish","hentry"],"uagb_featured_image_src":{"full":false,"thumbnail":false,"medium":false,"medium_large":false,"large":false,"1536x1536":false,"2048x2048":false,"mailpoet_newsletter_max":false,"woocommerce_thumbnail":false,"woocommerce_single":false,"woocommerce_gallery_thumbnail":false},"uagb_author_info":{"display_name":"noucamp13","author_link":"https:\/\/gruposentsovi.com\/index.php\/author\/noucamp13\/"},"uagb_comment_info":0,"uagb_excerpt":"Estos T\u00e9rminos y Condiciones de Uso (los \u201cT\u00e9rminos\u201d, \u201cCondiciones\u201d \u00f3 \u201cT&amp;C\u201d) conforman el acuerdo legal entre el usuario, fuera \u00e9ste una persona natural o una persona jur\u00eddica, (en adelante \u201cusuario\u201d \u00f3 \u201custed\u201d), y Grupo Sent Sov\u00ed, S.A. (\u201cGSS\u201d). Estos T\u00e9rminos y Condiciones de Uso regir\u00e1n la manera como el usuario podr\u00e1 hacer uso de los&hellip;","_links":{"self":[{"href":"https:\/\/gruposentsovi.com\/index.php\/wp-json\/wp\/v2\/pages\/1655","targetHints":{"allow":["GET"]}}],"collection":[{"href":"https:\/\/gruposentsovi.com\/index.php\/wp-json\/wp\/v2\/pages"}],"about":[{"href":"https:\/\/gruposentsovi.com\/index.php\/wp-json\/wp\/v2\/types\/page"}],"author":[{"embeddable":true,"href":"https:\/\/gruposentsovi.com\/index.php\/wp-json\/wp\/v2\/users\/1"}],"replies":[{"embeddable":true,"href":"https:\/\/gruposentsovi.com\/index.php\/wp-json\/wp\/v2\/comments?post=1655"}],"version-history":[{"count":8,"href":"https:\/\/gruposentsovi.com\/index.php\/wp-json\/wp\/v2\/pages\/1655\/revisions"}],"predecessor-version":[{"id":2075,"href":"https:\/\/gruposentsovi.com\/index.php\/wp-json\/wp\/v2\/pages\/1655\/revisions\/2075"}],"wp:attachment":[{"href":"https:\/\/gruposentsovi.com\/index.php\/wp-json\/wp\/v2\/media?parent=1655"}],"curies":[{"name":"wp","href":"https:\/\/api.w.org\/{rel}","templated":true}]}}