{"id":2042,"date":"2023-03-20T14:41:35","date_gmt":"2023-03-20T20:41:35","guid":{"rendered":"https:\/\/gruposentsovi.com\/?page_id=2042"},"modified":"2025-10-03T12:11:16","modified_gmt":"2025-10-03T18:11:16","slug":"nuestras-marcas","status":"publish","type":"page","link":"https:\/\/gruposentsovi.com\/index.php\/nuestras-marcas\/","title":{"rendered":"Nuestras Marcas"},"content":{"rendered":"\n<div class=\"wp-block-uagb-container uagb-block-c8c3afe5 alignfull uagb-is-root-container\"><div class=\"uagb-container-inner-blocks-wrap\">\n<div style=\"height:185px\" aria-hidden=\"true\" class=\"wp-block-spacer\"><\/div>\n\n\n\n<figure class=\"wp-block-image size-full is-resized\"><img loading=\"lazy\" decoding=\"async\" width=\"670\" height=\"61\" src=\"https:\/\/gruposentsovi.com\/wp-content\/uploads\/2023\/03\/quienes-somos-500-\u00d7-200-px-9-1.png\" alt=\"\" class=\"wp-image-2048\" srcset=\"https:\/\/gruposentsovi.com\/wp-content\/uploads\/2023\/03\/quienes-somos-500-\u00d7-200-px-9-1.png 670w, https:\/\/gruposentsovi.com\/wp-content\/uploads\/2023\/03\/quienes-somos-500-\u00d7-200-px-9-1-600x55.png 600w, https:\/\/gruposentsovi.com\/wp-content\/uploads\/2023\/03\/quienes-somos-500-\u00d7-200-px-9-1-300x27.png 300w\" sizes=\"auto, (max-width: 670px) 100vw, 670px\" \/><\/figure>\n\n\n\n<div style=\"height:0px\" aria-hidden=\"true\" class=\"wp-block-spacer\"><\/div>\n\n\n\n<div class=\"wp-block-media-text alignwide is-stacked-on-mobile\"><figure class=\"wp-block-media-text__media\"><img loading=\"lazy\" decoding=\"async\" width=\"1024\" height=\"576\" src=\"https:\/\/gruposentsovi.com\/wp-content\/uploads\/2023\/03\/2-min-1-1024x576.png\" alt=\"\" class=\"wp-image-2002 size-full\" srcset=\"https:\/\/gruposentsovi.com\/wp-content\/uploads\/2023\/03\/2-min-1-1024x576.png 1024w, https:\/\/gruposentsovi.com\/wp-content\/uploads\/2023\/03\/2-min-1-600x337.png 600w, https:\/\/gruposentsovi.com\/wp-content\/uploads\/2023\/03\/2-min-1-300x169.png 300w, https:\/\/gruposentsovi.com\/wp-content\/uploads\/2023\/03\/2-min-1-768x432.png 768w, https:\/\/gruposentsovi.com\/wp-content\/uploads\/2023\/03\/2-min-1.png 1366w\" sizes=\"auto, (max-width: 1024px) 100vw, 1024px\" \/><\/figure><div class=\"wp-block-media-text__content\">\n<div class=\"wp-block-uagb-image uagb-block-97d854d1 wp-block-uagb-image--layout-default wp-block-uagb-image--effect-static wp-block-uagb-image--align-none\"><figure class=\"wp-block-uagb-image__figure\"><img decoding=\"async\" srcset=\"https:\/\/gruposentsovi.com\/wp-content\/uploads\/2023\/03\/quienes-somos-500-\u00d7-200-px-10-1024x65.png \" sizes=\"auto, (max-width: 480px) 150px\" src=\"https:\/\/gruposentsovi.com\/wp-content\/uploads\/2023\/03\/quienes-somos-500-\u00d7-200-px-10-1024x65.png\" alt=\"\" class=\"uag-image-1834\" width=\"524\" height=\"33\" title=\"\" loading=\"lazy\"\/><\/figure><\/div>\n\n\n\n<p class=\"fuente_gotham\">Nos adentramos en las aguas del T\u00faria y el Ebro en el oriente espa\u00f1ol, que con sus frecuentes inundaciones han convertido estas tierras en una cuna de las cepas de las m\u00e1s finas uvas.<\/p>\n\n\n\n<div class=\"wp-block-buttons is-layout-flex wp-block-buttons-is-layout-flex\">\n<div class=\"wp-block-button\"><a class=\"wp-block-button__link wp-element-button\" href=\"https:\/\/gruposentsovi.com\/index.php\/2295-2\/\">Ver m\u00e1s<\/a><\/div>\n<\/div>\n<\/div><\/div>\n\n\n\n<div style=\"height:36px\" aria-hidden=\"true\" class=\"wp-block-spacer\"><\/div>\n\n\n\n<div class=\"wp-block-media-text alignwide is-stacked-on-mobile\"><figure class=\"wp-block-media-text__media\"><img loading=\"lazy\" decoding=\"async\" width=\"1024\" height=\"576\" src=\"https:\/\/gruposentsovi.com\/wp-content\/uploads\/2024\/03\/Fotos-Sent-Sovi-Website-5-1024x576.png\" alt=\"\" class=\"wp-image-2497 size-full\" srcset=\"https:\/\/gruposentsovi.com\/wp-content\/uploads\/2024\/03\/Fotos-Sent-Sovi-Website-5-1024x576.png 1024w, https:\/\/gruposentsovi.com\/wp-content\/uploads\/2024\/03\/Fotos-Sent-Sovi-Website-5-300x169.png 300w, https:\/\/gruposentsovi.com\/wp-content\/uploads\/2024\/03\/Fotos-Sent-Sovi-Website-5-768x432.png 768w, https:\/\/gruposentsovi.com\/wp-content\/uploads\/2024\/03\/Fotos-Sent-Sovi-Website-5-1320x742.png 1320w, https:\/\/gruposentsovi.com\/wp-content\/uploads\/2024\/03\/Fotos-Sent-Sovi-Website-5-600x337.png 600w, https:\/\/gruposentsovi.com\/wp-content\/uploads\/2024\/03\/Fotos-Sent-Sovi-Website-5.png 1366w\" sizes=\"auto, (max-width: 1024px) 100vw, 1024px\" \/><\/figure><div class=\"wp-block-media-text__content\">\n<div class=\"wp-block-uagb-image uagb-block-886a9edc wp-block-uagb-image--layout-default wp-block-uagb-image--effect-static wp-block-uagb-image--align-none\"><figure class=\"wp-block-uagb-image__figure\"><img decoding=\"async\" srcset=\"https:\/\/gruposentsovi.com\/wp-content\/uploads\/2024\/03\/quienes-somos-500-\u00d7-200-px-800-\u00d7-70-px-4.png \" sizes=\"auto, (max-width: 480px) 150px\" src=\"https:\/\/gruposentsovi.com\/wp-content\/uploads\/2024\/03\/quienes-somos-500-\u00d7-200-px-800-\u00d7-70-px-4.png\" alt=\"\" class=\"uag-image-2499\" width=\"490\" height=\"43\" title=\"\" loading=\"lazy\"\/><\/figure><\/div>\n\n\n\n<p class=\"fuente_gotham\">Viajamos a las tierras del viejo mundo, donde exploramos las m\u00e1s deliciosas variedades de aceites de oliva.<\/p>\n\n\n\n<div class=\"wp-block-buttons is-layout-flex wp-block-buttons-is-layout-flex\">\n<div class=\"wp-block-button is-style-outline is-style-outline--1\"><a class=\"wp-block-button__link wp-element-button\" href=\"https:\/\/gruposentsovi.com\/index.php\/categoria-producto\/deortegas\/\">Ver m\u00e1s<\/a><\/div>\n<\/div>\n<\/div><\/div>\n\n\n\n<div style=\"height:36px\" aria-hidden=\"true\" class=\"wp-block-spacer\"><\/div>\n\n\n\n<div class=\"wp-block-media-text alignwide is-stacked-on-mobile\"><figure class=\"wp-block-media-text__media\"><img loading=\"lazy\" decoding=\"async\" width=\"1024\" height=\"576\" src=\"https:\/\/gruposentsovi.com\/wp-content\/uploads\/2024\/03\/Fotos-Sent-Sovi-Website-6-min-1024x576.png\" alt=\"\" class=\"wp-image-2503 size-full\" srcset=\"https:\/\/gruposentsovi.com\/wp-content\/uploads\/2024\/03\/Fotos-Sent-Sovi-Website-6-min-1024x576.png 1024w, https:\/\/gruposentsovi.com\/wp-content\/uploads\/2024\/03\/Fotos-Sent-Sovi-Website-6-min-300x169.png 300w, https:\/\/gruposentsovi.com\/wp-content\/uploads\/2024\/03\/Fotos-Sent-Sovi-Website-6-min-768x432.png 768w, https:\/\/gruposentsovi.com\/wp-content\/uploads\/2024\/03\/Fotos-Sent-Sovi-Website-6-min-1320x742.png 1320w, https:\/\/gruposentsovi.com\/wp-content\/uploads\/2024\/03\/Fotos-Sent-Sovi-Website-6-min-600x337.png 600w, https:\/\/gruposentsovi.com\/wp-content\/uploads\/2024\/03\/Fotos-Sent-Sovi-Website-6-min.png 1366w\" sizes=\"auto, (max-width: 1024px) 100vw, 1024px\" \/><\/figure><div class=\"wp-block-media-text__content\">\n<div class=\"wp-block-uagb-image uagb-block-fabb7725 wp-block-uagb-image--layout-default wp-block-uagb-image--effect-static wp-block-uagb-image--align-none\"><figure class=\"wp-block-uagb-image__figure\"><img decoding=\"async\" srcset=\"https:\/\/gruposentsovi.com\/wp-content\/uploads\/2024\/03\/quienes-somos-500-\u00d7-200-px-800-\u00d7-70-px-5.png \" sizes=\"auto, (max-width: 480px) 150px\" src=\"https:\/\/gruposentsovi.com\/wp-content\/uploads\/2024\/03\/quienes-somos-500-\u00d7-200-px-800-\u00d7-70-px-5.png\" alt=\"\" class=\"uag-image-2501\" width=\"491\" height=\"1\" title=\"\" loading=\"lazy\"\/><\/figure><\/div>\n\n\n\n<p class=\"fuente_gotham\">Exploramos los m\u00e1s innovadores accesorios vin\u00edcolas, donde la funcionalidad y el dise\u00f1o se fusionan para elevar la experiencia enol\u00f3gica a nuevas alturas. Desde los elegantes sacacorchos Pulltaps hasta las refinadas copas Gabriel-Glas, cada art\u00edculo ha sido cuidadosamente seleccionado para satisfacer las necesidades de los amantes del vino m\u00e1s exigentes.<\/p>\n\n\n\n<div class=\"wp-block-buttons is-layout-flex wp-block-buttons-is-layout-flex\">\n<div class=\"wp-block-button is-style-outline is-style-outline--2\"><a class=\"wp-block-button__link wp-element-button\" href=\"https:\/\/gruposentsovi.com\/index.php\/accesorios-para-vino\/\">Ver m\u00e1s<\/a><\/div>\n<\/div>\n<\/div><\/div>\n\n\n\n<div style=\"height:36px\" aria-hidden=\"true\" class=\"wp-block-spacer\"><\/div>\n\n\n\n<div class=\"wp-block-media-text alignwide is-stacked-on-mobile\"><figure class=\"wp-block-media-text__media\"><img loading=\"lazy\" decoding=\"async\" width=\"1024\" height=\"576\" src=\"https:\/\/gruposentsovi.com\/wp-content\/uploads\/2024\/03\/cave-a-vin-double-cote-a-cote-portes-vitrees-salle-a-manger-blanche-bois-clair-eurocave-1024x576.jpg\" alt=\"\" class=\"wp-image-2539 size-full\" srcset=\"https:\/\/gruposentsovi.com\/wp-content\/uploads\/2024\/03\/cave-a-vin-double-cote-a-cote-portes-vitrees-salle-a-manger-blanche-bois-clair-eurocave-1024x576.jpg 1024w, https:\/\/gruposentsovi.com\/wp-content\/uploads\/2024\/03\/cave-a-vin-double-cote-a-cote-portes-vitrees-salle-a-manger-blanche-bois-clair-eurocave-300x169.jpg 300w, https:\/\/gruposentsovi.com\/wp-content\/uploads\/2024\/03\/cave-a-vin-double-cote-a-cote-portes-vitrees-salle-a-manger-blanche-bois-clair-eurocave-768x432.jpg 768w, https:\/\/gruposentsovi.com\/wp-content\/uploads\/2024\/03\/cave-a-vin-double-cote-a-cote-portes-vitrees-salle-a-manger-blanche-bois-clair-eurocave-1536x864.jpg 1536w, https:\/\/gruposentsovi.com\/wp-content\/uploads\/2024\/03\/cave-a-vin-double-cote-a-cote-portes-vitrees-salle-a-manger-blanche-bois-clair-eurocave-1320x743.jpg 1320w, https:\/\/gruposentsovi.com\/wp-content\/uploads\/2024\/03\/cave-a-vin-double-cote-a-cote-portes-vitrees-salle-a-manger-blanche-bois-clair-eurocave-600x338.jpg 600w, https:\/\/gruposentsovi.com\/wp-content\/uploads\/2024\/03\/cave-a-vin-double-cote-a-cote-portes-vitrees-salle-a-manger-blanche-bois-clair-eurocave.jpg 1920w\" sizes=\"auto, (max-width: 1024px) 100vw, 1024px\" \/><\/figure><div class=\"wp-block-media-text__content\">\n<div class=\"wp-block-uagb-image uagb-block-cdade776 wp-block-uagb-image--layout-default wp-block-uagb-image--effect-static wp-block-uagb-image--align-none\"><figure class=\"wp-block-uagb-image__figure\"><img decoding=\"async\" srcset=\"https:\/\/gruposentsovi.com\/wp-content\/uploads\/2024\/03\/quienes-somos-500-\u00d7-200-px-800-\u00d7-70-px-6.png \" sizes=\"auto, (max-width: 480px) 150px\" src=\"https:\/\/gruposentsovi.com\/wp-content\/uploads\/2024\/03\/quienes-somos-500-\u00d7-200-px-800-\u00d7-70-px-6.png\" alt=\"\" class=\"uag-image-2537\" width=\"486\" height=\"37\" title=\"\" loading=\"lazy\"\/><\/figure><\/div>\n\n\n\n<p class=\"fuente_gotham\">Nos adentramos en la cuna de la excelencia en conservaci\u00f3n y servicio del vino: Francia. Descubrimos el encanto y la sofisticaci\u00f3n de Eurocave mientras exploramos sus vineras, aut\u00e9nticas obras maestras que elevan nuestro disfrute del vino a un nivel completamente nuevo.<\/p>\n\n\n\n<div class=\"wp-block-buttons is-layout-flex wp-block-buttons-is-layout-flex\">\n<div class=\"wp-block-button is-style-outline is-style-outline--3\"><a class=\"wp-block-button__link wp-element-button\" href=\"https:\/\/gruposentsovi.com\/index.php\/categoria-producto\/eurocave\/\">Ver m\u00e1s<\/a><\/div>\n<\/div>\n<\/div><\/div>\n\n\n\n<div style=\"height:36px\" aria-hidden=\"true\" class=\"wp-block-spacer\"><\/div>\n\n\n\n<div style=\"height:50px\" aria-hidden=\"true\" class=\"wp-block-spacer\"><\/div>\n<\/div><\/div>\n","protected":false},"excerpt":{"rendered":"<p>Nos adentramos en las aguas del T\u00faria y el Ebro en el oriente espa\u00f1ol, que con sus frecuentes inundaciones han convertido estas tierras en una cuna de las cepas de las m\u00e1s finas uvas. Viajamos a las tierras del viejo mundo, donde exploramos las m\u00e1s deliciosas variedades de aceites de oliva. Exploramos los m\u00e1s innovadores [&hellip;]<\/p>\n","protected":false},"author":1,"featured_media":0,"parent":0,"menu_order":0,"comment_status":"closed","ping_status":"closed","template":"","meta":{"_uag_custom_page_level_css":"","site-sidebar-layout":"no-sidebar","site-content-layout":"page-builder","ast-site-content-layout":"full-width-container","site-content-style":"unboxed","site-sidebar-style":"unboxed","ast-global-header-display":"","ast-banner-title-visibility":"","ast-main-header-display":"","ast-hfb-above-header-display":"","ast-hfb-below-header-display":"","ast-hfb-mobile-header-display":"","site-post-title":"disabled","ast-breadcrumbs-content":"","ast-featured-img":"disabled","footer-sml-layout":"","ast-disable-related-posts":"","theme-transparent-header-meta":"enabled","adv-header-id-meta":"","stick-header-meta":"","header-above-stick-meta":"","header-main-stick-meta":"","header-below-stick-meta":"","astra-migrate-meta-layouts":"set","ast-page-background-enabled":"default","ast-page-background-meta":{"desktop":{"background-color":"","background-image":"","background-repeat":"repeat","background-position":"center center","background-size":"auto","background-attachment":"scroll","background-type":"","background-media":"","overlay-type":"","overlay-color":"","overlay-opacity":"","overlay-gradient":""},"tablet":{"background-color":"","background-image":"","background-repeat":"repeat","background-position":"center center","background-size":"auto","background-attachment":"scroll","background-type":"","background-media":"","overlay-type":"","overlay-color":"","overlay-opacity":"","overlay-gradient":""},"mobile":{"background-color":"","background-image":"","background-repeat":"repeat","background-position":"center center","background-size":"auto","background-attachment":"scroll","background-type":"","background-media":"","overlay-type":"","overlay-color":"","overlay-opacity":"","overlay-gradient":""}},"ast-content-background-meta":{"desktop":{"background-color":"var(--ast-global-color-5)","background-image":"","background-repeat":"repeat","background-position":"center center","background-size":"auto","background-attachment":"scroll","background-type":"","background-media":"","overlay-type":"","overlay-color":"","overlay-opacity":"","overlay-gradient":""},"tablet":{"background-color":"var(--ast-global-color-5)","background-image":"","background-repeat":"repeat","background-position":"center center","background-size":"auto","background-attachment":"scroll","background-type":"","background-media":"","overlay-type":"","overlay-color":"","overlay-opacity":"","overlay-gradient":""},"mobile":{"background-color":"var(--ast-global-color-5)","background-image":"","background-repeat":"repeat","background-position":"center center","background-size":"auto","background-attachment":"scroll","background-type":"","background-media":"","overlay-type":"","overlay-color":"","overlay-opacity":"","overlay-gradient":""}},"_themeisle_gutenberg_block_has_review":false,"footnotes":""},"class_list":["post-2042","page","type-page","status-publish","hentry"],"uagb_featured_image_src":{"full":false,"thumbnail":false,"medium":false,"medium_large":false,"large":false,"1536x1536":false,"2048x2048":false,"mailpoet_newsletter_max":false,"woocommerce_thumbnail":false,"woocommerce_single":false,"woocommerce_gallery_thumbnail":false},"uagb_author_info":{"display_name":"noucamp13","author_link":"https:\/\/gruposentsovi.com\/index.php\/author\/noucamp13\/"},"uagb_comment_info":0,"uagb_excerpt":"Nos adentramos en las aguas del T\u00faria y el Ebro en el oriente espa\u00f1ol, que con sus frecuentes inundaciones han convertido estas tierras en una cuna de las cepas de las m\u00e1s finas uvas. Viajamos a las tierras del viejo mundo, donde exploramos las m\u00e1s deliciosas variedades de aceites de oliva. Exploramos los m\u00e1s innovadores&hellip;","_links":{"self":[{"href":"https:\/\/gruposentsovi.com\/index.php\/wp-json\/wp\/v2\/pages\/2042","targetHints":{"allow":["GET"]}}],"collection":[{"href":"https:\/\/gruposentsovi.com\/index.php\/wp-json\/wp\/v2\/pages"}],"about":[{"href":"https:\/\/gruposentsovi.com\/index.php\/wp-json\/wp\/v2\/types\/page"}],"author":[{"embeddable":true,"href":"https:\/\/gruposentsovi.com\/index.php\/wp-json\/wp\/v2\/users\/1"}],"replies":[{"embeddable":true,"href":"https:\/\/gruposentsovi.com\/index.php\/wp-json\/wp\/v2\/comments?post=2042"}],"version-history":[{"count":19,"href":"https:\/\/gruposentsovi.com\/index.php\/wp-json\/wp\/v2\/pages\/2042\/revisions"}],"predecessor-version":[{"id":2620,"href":"https:\/\/gruposentsovi.com\/index.php\/wp-json\/wp\/v2\/pages\/2042\/revisions\/2620"}],"wp:attachment":[{"href":"https:\/\/gruposentsovi.com\/index.php\/wp-json\/wp\/v2\/media?parent=2042"}],"curies":[{"name":"wp","href":"https:\/\/api.w.org\/{rel}","templated":true}]}}