{"id":2295,"date":"2023-11-17T18:21:02","date_gmt":"2023-11-18T00:21:02","guid":{"rendered":"https:\/\/gruposentsovi.com\/?page_id=2295"},"modified":"2024-03-18T17:41:36","modified_gmt":"2024-03-18T23:41:36","slug":"2295-2","status":"publish","type":"page","link":"https:\/\/gruposentsovi.com\/index.php\/2295-2\/","title":{"rendered":"Vinos y licores"},"content":{"rendered":"\n<div class=\"wp-block-media-text is-stacked-on-mobile\"><figure class=\"wp-block-media-text__media\"><img loading=\"lazy\" decoding=\"async\" width=\"1024\" height=\"652\" src=\"https:\/\/gruposentsovi.com\/wp-content\/uploads\/2023\/11\/10-1024x652.jpg\" alt=\"\" class=\"wp-image-2299 size-full\" srcset=\"https:\/\/gruposentsovi.com\/wp-content\/uploads\/2023\/11\/10-1024x652.jpg 1024w, https:\/\/gruposentsovi.com\/wp-content\/uploads\/2023\/11\/10-300x191.jpg 300w, https:\/\/gruposentsovi.com\/wp-content\/uploads\/2023\/11\/10-768x489.jpg 768w, https:\/\/gruposentsovi.com\/wp-content\/uploads\/2023\/11\/10-600x382.jpg 600w, https:\/\/gruposentsovi.com\/wp-content\/uploads\/2023\/11\/10.jpg 1100w\" sizes=\"auto, (max-width: 1024px) 100vw, 1024px\" \/><\/figure><div class=\"wp-block-media-text__content\">\n<div class=\"wp-block-uagb-advanced-heading uagb-block-f4309648\"><h3 class=\"uagb-heading-text\">Cascina del Colle<\/h3><\/div>\n\n\n\n<p>Operando en la zona de Abruzzo, Italia durante casi 25 a\u00f1os, Cascina del Colle es una empresa din\u00e1mica dirigida por una familia que se ha convertido en un actor clave en el sector de la producci\u00f3n de vino.<\/p>\n\n\n\n<div class=\"wp-block-buttons is-layout-flex wp-block-buttons-is-layout-flex\">\n<div class=\"wp-block-button\"><a class=\"wp-block-button__link wp-element-button\" href=\"https:\/\/gruposentsovi.com\/index.php\/categoria-producto\/cascina-del-colle\/\">Ver productos<\/a><\/div>\n<\/div>\n<\/div><\/div>\n\n\n\n<div style=\"height:60px\" aria-hidden=\"true\" class=\"wp-block-spacer\"><\/div>\n\n\n\n<div class=\"wp-block-media-text has-media-on-the-right is-stacked-on-mobile\"><div class=\"wp-block-media-text__content\">\n<div class=\"wp-block-uagb-advanced-heading uagb-block-051aedaf\"><h3 class=\"uagb-heading-text\">Di Sipio<\/h3><\/div>\n\n\n\n<p>El nombre Di Sipio tiene ra\u00edces profundas, arraigadas en el territorio y consolidadas a lo largo de los a\u00f1os mediante un arduo trabajo y el continuo deseo de mejorar. Es la historia de una tierra acogida, cuidada y vivida, narrada en nuestros vinos con elegancia y pasi\u00f3n.<\/p>\n\n\n\n<div class=\"wp-block-buttons is-layout-flex wp-block-buttons-is-layout-flex\">\n<div class=\"wp-block-button\"><a class=\"wp-block-button__link wp-element-button\" href=\"https:\/\/gruposentsovi.com\/index.php\/categoria-producto\/di-sipio\/\">Ver productos<\/a><\/div>\n<\/div>\n<\/div><figure class=\"wp-block-media-text__media\"><img loading=\"lazy\" decoding=\"async\" width=\"1024\" height=\"683\" src=\"https:\/\/gruposentsovi.com\/wp-content\/uploads\/2023\/11\/3H0A4898-1024x683.jpeg\" alt=\"\" class=\"wp-image-2302 size-full\" srcset=\"https:\/\/gruposentsovi.com\/wp-content\/uploads\/2023\/11\/3H0A4898-1024x683.jpeg 1024w, https:\/\/gruposentsovi.com\/wp-content\/uploads\/2023\/11\/3H0A4898-300x200.jpeg 300w, https:\/\/gruposentsovi.com\/wp-content\/uploads\/2023\/11\/3H0A4898-768x512.jpeg 768w, https:\/\/gruposentsovi.com\/wp-content\/uploads\/2023\/11\/3H0A4898-1536x1024.jpeg 1536w, https:\/\/gruposentsovi.com\/wp-content\/uploads\/2023\/11\/3H0A4898-2048x1365.jpeg 2048w, https:\/\/gruposentsovi.com\/wp-content\/uploads\/2023\/11\/3H0A4898-1320x880.jpeg 1320w, https:\/\/gruposentsovi.com\/wp-content\/uploads\/2023\/11\/3H0A4898-600x400.jpeg 600w\" sizes=\"auto, (max-width: 1024px) 100vw, 1024px\" \/><\/figure><\/div>\n\n\n\n<div style=\"height:60px\" aria-hidden=\"true\" class=\"wp-block-spacer\"><\/div>\n\n\n\n<div class=\"wp-block-media-text is-stacked-on-mobile\"><figure class=\"wp-block-media-text__media\"><img loading=\"lazy\" decoding=\"async\" width=\"1024\" height=\"640\" src=\"https:\/\/gruposentsovi.com\/wp-content\/uploads\/2023\/11\/grapes-fruits-food-4290308-1024x640.jpg\" alt=\"grapes, fruits, food-4290308.jpg\" class=\"wp-image-2304 size-full\" srcset=\"https:\/\/gruposentsovi.com\/wp-content\/uploads\/2023\/11\/grapes-fruits-food-4290308-1024x640.jpg 1024w, https:\/\/gruposentsovi.com\/wp-content\/uploads\/2023\/11\/grapes-fruits-food-4290308-300x188.jpg 300w, https:\/\/gruposentsovi.com\/wp-content\/uploads\/2023\/11\/grapes-fruits-food-4290308-768x480.jpg 768w, https:\/\/gruposentsovi.com\/wp-content\/uploads\/2023\/11\/grapes-fruits-food-4290308-600x375.jpg 600w, https:\/\/gruposentsovi.com\/wp-content\/uploads\/2023\/11\/grapes-fruits-food-4290308.jpg 1280w\" sizes=\"auto, (max-width: 1024px) 100vw, 1024px\" \/><\/figure><div class=\"wp-block-media-text__content\">\n<div class=\"wp-block-uagb-advanced-heading uagb-block-4e0c5782\"><h3 class=\"uagb-heading-text\">Bodega Sierra Norte<\/h3><\/div>\n\n\n\n<p>Bodega espa\u00f1ola de 420 hect\u00e1reas de vi\u00f1edo en Camporrobles, Calder\u00f3n, La Roda, Carcel\u00e9n, Jumilla y El Pin\u00f3s.<\/p>\n\n\n\n<div class=\"wp-block-buttons is-layout-flex wp-block-buttons-is-layout-flex\">\n<div class=\"wp-block-button\"><a class=\"wp-block-button__link wp-element-button\" href=\"https:\/\/gruposentsovi.com\/index.php\/categoria-producto\/sierra-norte\/\">Ver productos<\/a><\/div>\n<\/div>\n<\/div><\/div>\n\n\n\n<div style=\"height:60px\" aria-hidden=\"true\" class=\"wp-block-spacer\"><\/div>\n\n\n\n<div class=\"wp-block-media-text has-media-on-the-right is-stacked-on-mobile\"><div class=\"wp-block-media-text__content\">\n<div class=\"wp-block-uagb-advanced-heading uagb-block-cb28cf06\"><h3 class=\"uagb-heading-text\">Pago de Tharsys<\/h3><\/div>\n\n\n\n<p>La bodega est\u00e1 enclavada en el centro de las doce hect\u00e1reas de vi\u00f1edo ecol\u00f3gico de la propiedad en la que se dan las condiciones \u00f3ptimas para obtener la mejor materia prima.<\/p>\n\n\n\n<div class=\"wp-block-buttons is-layout-flex wp-block-buttons-is-layout-flex\">\n<div class=\"wp-block-button\"><a class=\"wp-block-button__link wp-element-button\" href=\"https:\/\/gruposentsovi.com\/index.php\/categoria-producto\/pago-de-tharsys\/\">Ver productos<\/a><\/div>\n<\/div>\n<\/div><figure class=\"wp-block-media-text__media\"><img loading=\"lazy\" decoding=\"async\" width=\"1024\" height=\"576\" src=\"https:\/\/gruposentsovi.com\/wp-content\/uploads\/2023\/03\/2-min-1024x576.png\" alt=\"\" class=\"wp-image-1781 size-full\" srcset=\"https:\/\/gruposentsovi.com\/wp-content\/uploads\/2023\/03\/2-min-1024x576.png 1024w, https:\/\/gruposentsovi.com\/wp-content\/uploads\/2023\/03\/2-min-600x337.png 600w, https:\/\/gruposentsovi.com\/wp-content\/uploads\/2023\/03\/2-min-300x169.png 300w, https:\/\/gruposentsovi.com\/wp-content\/uploads\/2023\/03\/2-min-768x432.png 768w, https:\/\/gruposentsovi.com\/wp-content\/uploads\/2023\/03\/2-min.png 1366w\" sizes=\"auto, (max-width: 1024px) 100vw, 1024px\" \/><\/figure><\/div>\n\n\n\n<div style=\"height:60px\" aria-hidden=\"true\" class=\"wp-block-spacer\"><\/div>\n\n\n\n<div class=\"wp-block-media-text is-stacked-on-mobile\"><figure class=\"wp-block-media-text__media\"><img loading=\"lazy\" decoding=\"async\" width=\"1024\" height=\"576\" src=\"https:\/\/gruposentsovi.com\/wp-content\/uploads\/2023\/03\/1-min-1024x576.png\" alt=\"\" class=\"wp-image-1780 size-full\" srcset=\"https:\/\/gruposentsovi.com\/wp-content\/uploads\/2023\/03\/1-min-1024x576.png 1024w, https:\/\/gruposentsovi.com\/wp-content\/uploads\/2023\/03\/1-min-600x337.png 600w, https:\/\/gruposentsovi.com\/wp-content\/uploads\/2023\/03\/1-min-300x169.png 300w, https:\/\/gruposentsovi.com\/wp-content\/uploads\/2023\/03\/1-min-768x432.png 768w, https:\/\/gruposentsovi.com\/wp-content\/uploads\/2023\/03\/1-min.png 1366w\" sizes=\"auto, (max-width: 1024px) 100vw, 1024px\" \/><\/figure><div class=\"wp-block-media-text__content\">\n<div class=\"wp-block-uagb-advanced-heading uagb-block-7f8f7e21\"><h3 class=\"uagb-heading-text\">Bodegas Iranzo<\/h3><\/div>\n\n\n\n<p>En la Finca Ca\u00f1ada-Honda se realizan cultivos ecol\u00f3gicos de vi\u00f1edo por la familia Iranzo desde hace generaciones, continuando una tradici\u00f3n fuertemente arraigada en la comarca. <\/p>\n\n\n\n<div class=\"wp-block-buttons is-layout-flex wp-block-buttons-is-layout-flex\">\n<div class=\"wp-block-button\"><a class=\"wp-block-button__link wp-element-button\" href=\"https:\/\/gruposentsovi.com\/index.php\/categoria-producto\/bodegas-iranzo\/\">Ver productos<\/a><\/div>\n<\/div>\n<\/div><\/div>\n","protected":false},"excerpt":{"rendered":"","protected":false},"author":1,"featured_media":0,"parent":0,"menu_order":0,"comment_status":"closed","ping_status":"closed","template":"","meta":{"_uag_custom_page_level_css":"","site-sidebar-layout":"default","site-content-layout":"","ast-site-content-layout":"default","site-content-style":"default","site-sidebar-style":"default","ast-global-header-display":"","ast-banner-title-visibility":"","ast-main-header-display":"","ast-hfb-above-header-display":"","ast-hfb-below-header-display":"","ast-hfb-mobile-header-display":"","site-post-title":"disabled","ast-breadcrumbs-content":"","ast-featured-img":"","footer-sml-layout":"","ast-disable-related-posts":"","theme-transparent-header-meta":"","adv-header-id-meta":"","stick-header-meta":"","header-above-stick-meta":"","header-main-stick-meta":"","header-below-stick-meta":"","astra-migrate-meta-layouts":"default","ast-page-background-enabled":"default","ast-page-background-meta":{"desktop":{"background-color":"","background-image":"","background-repeat":"repeat","background-position":"center center","background-size":"auto","background-attachment":"scroll","background-type":"","background-media":"","overlay-type":"","overlay-color":"","overlay-opacity":"","overlay-gradient":""},"tablet":{"background-color":"","background-image":"","background-repeat":"repeat","background-position":"center center","background-size":"auto","background-attachment":"scroll","background-type":"","background-media":"","overlay-type":"","overlay-color":"","overlay-opacity":"","overlay-gradient":""},"mobile":{"background-color":"","background-image":"","background-repeat":"repeat","background-position":"center center","background-size":"auto","background-attachment":"scroll","background-type":"","background-media":"","overlay-type":"","overlay-color":"","overlay-opacity":"","overlay-gradient":""}},"ast-content-background-meta":{"desktop":{"background-color":"var(--ast-global-color-5)","background-image":"","background-repeat":"repeat","background-position":"center center","background-size":"auto","background-attachment":"scroll","background-type":"","background-media":"","overlay-type":"","overlay-color":"","overlay-opacity":"","overlay-gradient":""},"tablet":{"background-color":"var(--ast-global-color-5)","background-image":"","background-repeat":"repeat","background-position":"center center","background-size":"auto","background-attachment":"scroll","background-type":"","background-media":"","overlay-type":"","overlay-color":"","overlay-opacity":"","overlay-gradient":""},"mobile":{"background-color":"var(--ast-global-color-5)","background-image":"","background-repeat":"repeat","background-position":"center center","background-size":"auto","background-attachment":"scroll","background-type":"","background-media":"","overlay-type":"","overlay-color":"","overlay-opacity":"","overlay-gradient":""}},"_themeisle_gutenberg_block_has_review":false,"footnotes":""},"class_list":["post-2295","page","type-page","status-publish","hentry"],"uagb_featured_image_src":{"full":false,"thumbnail":false,"medium":false,"medium_large":false,"large":false,"1536x1536":false,"2048x2048":false,"mailpoet_newsletter_max":false,"woocommerce_thumbnail":false,"woocommerce_single":false,"woocommerce_gallery_thumbnail":false},"uagb_author_info":{"display_name":"noucamp13","author_link":"https:\/\/gruposentsovi.com\/index.php\/author\/noucamp13\/"},"uagb_comment_info":0,"uagb_excerpt":null,"_links":{"self":[{"href":"https:\/\/gruposentsovi.com\/index.php\/wp-json\/wp\/v2\/pages\/2295","targetHints":{"allow":["GET"]}}],"collection":[{"href":"https:\/\/gruposentsovi.com\/index.php\/wp-json\/wp\/v2\/pages"}],"about":[{"href":"https:\/\/gruposentsovi.com\/index.php\/wp-json\/wp\/v2\/types\/page"}],"author":[{"embeddable":true,"href":"https:\/\/gruposentsovi.com\/index.php\/wp-json\/wp\/v2\/users\/1"}],"replies":[{"embeddable":true,"href":"https:\/\/gruposentsovi.com\/index.php\/wp-json\/wp\/v2\/comments?post=2295"}],"version-history":[{"count":5,"href":"https:\/\/gruposentsovi.com\/index.php\/wp-json\/wp\/v2\/pages\/2295\/revisions"}],"predecessor-version":[{"id":2506,"href":"https:\/\/gruposentsovi.com\/index.php\/wp-json\/wp\/v2\/pages\/2295\/revisions\/2506"}],"wp:attachment":[{"href":"https:\/\/gruposentsovi.com\/index.php\/wp-json\/wp\/v2\/media?parent=2295"}],"curies":[{"name":"wp","href":"https:\/\/api.w.org\/{rel}","templated":true}]}}