{"id":2512,"date":"2024-03-18T18:11:53","date_gmt":"2024-03-19T00:11:53","guid":{"rendered":"https:\/\/gruposentsovi.com\/?page_id=2512"},"modified":"2024-03-24T17:24:40","modified_gmt":"2024-03-24T23:24:40","slug":"accesorios-para-vino","status":"publish","type":"page","link":"https:\/\/gruposentsovi.com\/index.php\/accesorios-para-vino\/","title":{"rendered":"accesorios para vino"},"content":{"rendered":"\n<div class=\"wp-block-media-text is-stacked-on-mobile\"><figure class=\"wp-block-media-text__media\"><img loading=\"lazy\" decoding=\"async\" width=\"1024\" height=\"576\" src=\"https:\/\/gruposentsovi.com\/wp-content\/uploads\/2024\/03\/30-min-1024x576.png\" alt=\"\" class=\"wp-image-2549 size-full\" srcset=\"https:\/\/gruposentsovi.com\/wp-content\/uploads\/2024\/03\/30-min-1024x576.png 1024w, https:\/\/gruposentsovi.com\/wp-content\/uploads\/2024\/03\/30-min-300x169.png 300w, https:\/\/gruposentsovi.com\/wp-content\/uploads\/2024\/03\/30-min-768x432.png 768w, https:\/\/gruposentsovi.com\/wp-content\/uploads\/2024\/03\/30-min-1320x742.png 1320w, https:\/\/gruposentsovi.com\/wp-content\/uploads\/2024\/03\/30-min-600x337.png 600w, https:\/\/gruposentsovi.com\/wp-content\/uploads\/2024\/03\/30-min.png 1366w\" sizes=\"auto, (max-width: 1024px) 100vw, 1024px\" \/><\/figure><div class=\"wp-block-media-text__content\">\n<div class=\"wp-block-uagb-advanced-heading uagb-block-d5816bfe\"><h3 class=\"uagb-heading-text\">Gabriel-Glas<\/h3><\/div>\n\n\n\n<p>Gabriel-Glas es una marca conocida por producir copas de vino de alta calidad. Su producto m\u00e1s destacado es el &#8220;Gabriel-Glas Gold Edition&#8221;, una copa de vino universal dise\u00f1ada para realzar la experiencia de degustaci\u00f3n de diferentes tipos de vino, ya sean tintos, blancos, rosados o espumosos.<\/p>\n\n\n\n<div class=\"wp-block-buttons is-layout-flex wp-block-buttons-is-layout-flex\">\n<div class=\"wp-block-button\"><a class=\"wp-block-button__link wp-element-button\" href=\"https:\/\/gruposentsovi.com\/index.php\/categoria-producto\/gabriel-glass\/\">Ver productos<\/a><\/div>\n<\/div>\n<\/div><\/div>\n\n\n\n<div style=\"height:60px\" aria-hidden=\"true\" class=\"wp-block-spacer\"><\/div>\n\n\n\n<div style=\"height:60px\" aria-hidden=\"true\" class=\"wp-block-spacer\"><\/div>\n\n\n\n<div class=\"wp-block-media-text has-media-on-the-right is-stacked-on-mobile\"><div class=\"wp-block-media-text__content\">\n<div class=\"wp-block-uagb-advanced-heading uagb-block-0284e10d\"><h3 class=\"uagb-heading-text\">Pulltap&#8217;s<\/h3><\/div>\n\n\n\n<p>Pulltap&#8217;s es una reconocida marca de sacacorchos y accesorios relacionados con el vino. Son especialmente conocidos por su dise\u00f1o innovador de sacacorchos de doble palanca, que facilita la extracci\u00f3n del corcho de una botella de vino con mayor eficacia y menos esfuerzo.<\/p>\n\n\n\n<div class=\"wp-block-buttons is-layout-flex wp-block-buttons-is-layout-flex\">\n<div class=\"wp-block-button\"><a class=\"wp-block-button__link wp-element-button\" href=\"https:\/\/gruposentsovi.com\/index.php\/categoria-producto\/pulltaps\/\">Ver productos<\/a><\/div>\n<\/div>\n<\/div><figure class=\"wp-block-media-text__media\"><img loading=\"lazy\" decoding=\"async\" width=\"1024\" height=\"576\" src=\"https:\/\/gruposentsovi.com\/wp-content\/uploads\/2024\/03\/31-min-1024x576.png\" alt=\"\" class=\"wp-image-2550 size-full\" srcset=\"https:\/\/gruposentsovi.com\/wp-content\/uploads\/2024\/03\/31-min-1024x576.png 1024w, https:\/\/gruposentsovi.com\/wp-content\/uploads\/2024\/03\/31-min-300x169.png 300w, https:\/\/gruposentsovi.com\/wp-content\/uploads\/2024\/03\/31-min-768x432.png 768w, https:\/\/gruposentsovi.com\/wp-content\/uploads\/2024\/03\/31-min-1320x742.png 1320w, https:\/\/gruposentsovi.com\/wp-content\/uploads\/2024\/03\/31-min-600x337.png 600w, https:\/\/gruposentsovi.com\/wp-content\/uploads\/2024\/03\/31-min.png 1366w\" sizes=\"auto, (max-width: 1024px) 100vw, 1024px\" \/><\/figure><\/div>\n\n\n\n<div style=\"height:60px\" aria-hidden=\"true\" class=\"wp-block-spacer\"><\/div>\n\n\n\n<div style=\"height:60px\" aria-hidden=\"true\" class=\"wp-block-spacer\"><\/div>\n","protected":false},"excerpt":{"rendered":"","protected":false},"author":1,"featured_media":0,"parent":0,"menu_order":0,"comment_status":"closed","ping_status":"closed","template":"","meta":{"_uag_custom_page_level_css":"","site-sidebar-layout":"default","site-content-layout":"","ast-site-content-layout":"default","site-content-style":"default","site-sidebar-style":"default","ast-global-header-display":"","ast-banner-title-visibility":"","ast-main-header-display":"","ast-hfb-above-header-display":"","ast-hfb-below-header-display":"","ast-hfb-mobile-header-display":"","site-post-title":"disabled","ast-breadcrumbs-content":"","ast-featured-img":"","footer-sml-layout":"","ast-disable-related-posts":"","theme-transparent-header-meta":"","adv-header-id-meta":"","stick-header-meta":"","header-above-stick-meta":"","header-main-stick-meta":"","header-below-stick-meta":"","astra-migrate-meta-layouts":"default","ast-page-background-enabled":"default","ast-page-background-meta":{"desktop":{"background-color":"","background-image":"","background-repeat":"repeat","background-position":"center center","background-size":"auto","background-attachment":"scroll","background-type":"","background-media":"","overlay-type":"","overlay-color":"","overlay-opacity":"","overlay-gradient":""},"tablet":{"background-color":"","background-image":"","background-repeat":"repeat","background-position":"center center","background-size":"auto","background-attachment":"scroll","background-type":"","background-media":"","overlay-type":"","overlay-color":"","overlay-opacity":"","overlay-gradient":""},"mobile":{"background-color":"","background-image":"","background-repeat":"repeat","background-position":"center center","background-size":"auto","background-attachment":"scroll","background-type":"","background-media":"","overlay-type":"","overlay-color":"","overlay-opacity":"","overlay-gradient":""}},"ast-content-background-meta":{"desktop":{"background-color":"var(--ast-global-color-5)","background-image":"","background-repeat":"repeat","background-position":"center center","background-size":"auto","background-attachment":"scroll","background-type":"","background-media":"","overlay-type":"","overlay-color":"","overlay-opacity":"","overlay-gradient":""},"tablet":{"background-color":"var(--ast-global-color-5)","background-image":"","background-repeat":"repeat","background-position":"center center","background-size":"auto","background-attachment":"scroll","background-type":"","background-media":"","overlay-type":"","overlay-color":"","overlay-opacity":"","overlay-gradient":""},"mobile":{"background-color":"var(--ast-global-color-5)","background-image":"","background-repeat":"repeat","background-position":"center center","background-size":"auto","background-attachment":"scroll","background-type":"","background-media":"","overlay-type":"","overlay-color":"","overlay-opacity":"","overlay-gradient":""}},"_themeisle_gutenberg_block_has_review":false,"footnotes":""},"class_list":["post-2512","page","type-page","status-publish","hentry"],"uagb_featured_image_src":{"full":false,"thumbnail":false,"medium":false,"medium_large":false,"large":false,"1536x1536":false,"2048x2048":false,"mailpoet_newsletter_max":false,"woocommerce_thumbnail":false,"woocommerce_single":false,"woocommerce_gallery_thumbnail":false},"uagb_author_info":{"display_name":"noucamp13","author_link":"https:\/\/gruposentsovi.com\/index.php\/author\/noucamp13\/"},"uagb_comment_info":0,"uagb_excerpt":null,"_links":{"self":[{"href":"https:\/\/gruposentsovi.com\/index.php\/wp-json\/wp\/v2\/pages\/2512","targetHints":{"allow":["GET"]}}],"collection":[{"href":"https:\/\/gruposentsovi.com\/index.php\/wp-json\/wp\/v2\/pages"}],"about":[{"href":"https:\/\/gruposentsovi.com\/index.php\/wp-json\/wp\/v2\/types\/page"}],"author":[{"embeddable":true,"href":"https:\/\/gruposentsovi.com\/index.php\/wp-json\/wp\/v2\/users\/1"}],"replies":[{"embeddable":true,"href":"https:\/\/gruposentsovi.com\/index.php\/wp-json\/wp\/v2\/comments?post=2512"}],"version-history":[{"count":3,"href":"https:\/\/gruposentsovi.com\/index.php\/wp-json\/wp\/v2\/pages\/2512\/revisions"}],"predecessor-version":[{"id":2553,"href":"https:\/\/gruposentsovi.com\/index.php\/wp-json\/wp\/v2\/pages\/2512\/revisions\/2553"}],"wp:attachment":[{"href":"https:\/\/gruposentsovi.com\/index.php\/wp-json\/wp\/v2\/media?parent=2512"}],"curies":[{"name":"wp","href":"https:\/\/api.w.org\/{rel}","templated":true}]}}