{"id":694,"date":"2022-04-26T07:58:36","date_gmt":"2022-04-26T13:58:36","guid":{"rendered":"https:\/\/gruposentsovi.com\/index.php\/biography\/"},"modified":"2023-04-21T16:54:56","modified_gmt":"2023-04-21T22:54:56","slug":"quienessomos","status":"publish","type":"page","link":"https:\/\/gruposentsovi.com\/index.php\/quienessomos\/","title":{"rendered":"Qui\u00e9nes Somos"},"content":{"rendered":"\n<div class=\"wp-block-uagb-container uagb-block-e5123097 alignfull uagb-is-root-container\"><div class=\"uagb-container-inner-blocks-wrap\">\n<div style=\"height:185px\" aria-hidden=\"true\" class=\"wp-block-spacer\"><\/div>\n\n\n\n<figure class=\"wp-block-image size-full is-resized\"><img loading=\"lazy\" decoding=\"async\" src=\"https:\/\/gruposentsovi.com\/wp-content\/uploads\/2023\/03\/quienes-somos-500-\u00d7-200-px-2.png\" alt=\"\" class=\"wp-image-1635\" width=\"452\" height=\"52\" srcset=\"https:\/\/gruposentsovi.com\/wp-content\/uploads\/2023\/03\/quienes-somos-500-\u00d7-200-px-2.png 600w, https:\/\/gruposentsovi.com\/wp-content\/uploads\/2023\/03\/quienes-somos-500-\u00d7-200-px-2-200x23.png 200w, https:\/\/gruposentsovi.com\/wp-content\/uploads\/2023\/03\/quienes-somos-500-\u00d7-200-px-2-300x35.png 300w\" sizes=\"auto, (max-width: 452px) 100vw, 452px\" \/><\/figure>\n\n\n\n<div class=\"wp-block-uagb-advanced-heading uagb-block-02ba09f6 fuente_gotham\"><p class=\"uagb-desc-text\">Grupo Sent Sov\u00ed nace de un selecto grupo de amigos que, cansados de lo mundano, deciden descubrir y promover productos de alta calidad, pero poco conocidos fuera de sus pa\u00edses de origen, y, en muchos casos incluso, de los terru\u00f1os donde son producidos.<\/p><\/div>\n\n\n\n<div style=\"height:0px\" aria-hidden=\"true\" class=\"wp-block-spacer\"><\/div>\n\n\n\n<div class=\"wp-block-media-text alignwide has-media-on-the-right is-stacked-on-mobile\"><div class=\"wp-block-media-text__content\">\n<p class=\"fuente_gotham\"><strong><mark style=\"background-color:rgba(0, 0, 0, 0)\" class=\"has-inline-color has-ast-global-color-0-color\">Es as\u00ed como viajamos a las tierras del viejo mundo,<\/mark><\/strong> donde exploramos las monta\u00f1as de Abruzzo en busca de vestigios de la resistencia Italiana durante la Segunda Guerra Mundial, y de los artesanos que fabrican los m\u00e1s deliciosos quesos y vinos; o nos adentramos en las aguas del T\u00faria y el Ebro en el oriente espa\u00f1ol, que con sus frecuentes inundaciones han convertido estas tierras en una cuna de manjares, desde arrozales y olivares, hasta cepas de las m\u00e1s finas uvas.<br><\/p>\n<\/div><figure class=\"wp-block-media-text__media\"><img loading=\"lazy\" decoding=\"async\" width=\"1024\" height=\"576\" src=\"https:\/\/gruposentsovi.com\/wp-content\/uploads\/2023\/03\/2-min-1-1024x576.png\" alt=\"\" class=\"wp-image-2002 size-full\" srcset=\"https:\/\/gruposentsovi.com\/wp-content\/uploads\/2023\/03\/2-min-1-1024x576.png 1024w, https:\/\/gruposentsovi.com\/wp-content\/uploads\/2023\/03\/2-min-1-600x337.png 600w, https:\/\/gruposentsovi.com\/wp-content\/uploads\/2023\/03\/2-min-1-300x169.png 300w, https:\/\/gruposentsovi.com\/wp-content\/uploads\/2023\/03\/2-min-1-768x432.png 768w, https:\/\/gruposentsovi.com\/wp-content\/uploads\/2023\/03\/2-min-1.png 1366w\" sizes=\"auto, (max-width: 1024px) 100vw, 1024px\" \/><\/figure><\/div>\n\n\n\n<div class=\"wp-block-media-text alignwide is-stacked-on-mobile\"><figure class=\"wp-block-media-text__media\"><img loading=\"lazy\" decoding=\"async\" width=\"1024\" height=\"576\" src=\"https:\/\/gruposentsovi.com\/wp-content\/uploads\/2023\/03\/1-min-1-1024x576.png\" alt=\"\" class=\"wp-image-2001 size-full\" srcset=\"https:\/\/gruposentsovi.com\/wp-content\/uploads\/2023\/03\/1-min-1-1024x576.png 1024w, https:\/\/gruposentsovi.com\/wp-content\/uploads\/2023\/03\/1-min-1-600x337.png 600w, https:\/\/gruposentsovi.com\/wp-content\/uploads\/2023\/03\/1-min-1-300x169.png 300w, https:\/\/gruposentsovi.com\/wp-content\/uploads\/2023\/03\/1-min-1-768x432.png 768w, https:\/\/gruposentsovi.com\/wp-content\/uploads\/2023\/03\/1-min-1.png 1366w\" sizes=\"auto, (max-width: 1024px) 100vw, 1024px\" \/><\/figure><div class=\"wp-block-media-text__content\">\n<p class=\"fuente_gotham\"><strong><mark style=\"background-color:rgba(0, 0, 0, 0)\" class=\"has-inline-color has-ast-global-color-1-color\">O nos desplazamos al lejano Oriente,<\/mark><\/strong> con su cultura milenaria producto de la integraci\u00f3n de lo natural y lo espiritual, logrando as\u00ed una perfecta harmon\u00eda con todo lo que nos rodea, y dando origen a sencillos pero delicados sabores, desde finos destilados de arroz hasta los m\u00e1s refinados whiskys.<\/p>\n<\/div><\/div>\n\n\n\n<div class=\"wp-block-media-text alignwide has-media-on-the-right is-stacked-on-mobile\"><div class=\"wp-block-media-text__content\">\n<p class=\"fuente_gotham\"><strong><mark style=\"background-color:rgba(0, 0, 0, 0)\" class=\"has-inline-color has-ast-global-color-1-color\">M\u00e1s cerca de casa a\u00fan,<\/mark><\/strong> a la antigua y avanzada tierra de los Mayas y Aztecas, con sus tradiciones culinarias que nos han dado desde el bien apreciado Xocol\u0101tl hasta el nectar del agave azul, mejor conocido como Tequila.<\/p>\n<\/div><figure class=\"wp-block-media-text__media\"><img loading=\"lazy\" decoding=\"async\" width=\"1024\" height=\"576\" src=\"https:\/\/gruposentsovi.com\/wp-content\/uploads\/2023\/03\/3-min-2-1024x576.png\" alt=\"\" class=\"wp-image-2014 size-full\" srcset=\"https:\/\/gruposentsovi.com\/wp-content\/uploads\/2023\/03\/3-min-2-1024x576.png 1024w, https:\/\/gruposentsovi.com\/wp-content\/uploads\/2023\/03\/3-min-2-600x337.png 600w, https:\/\/gruposentsovi.com\/wp-content\/uploads\/2023\/03\/3-min-2-300x169.png 300w, https:\/\/gruposentsovi.com\/wp-content\/uploads\/2023\/03\/3-min-2-768x432.png 768w, https:\/\/gruposentsovi.com\/wp-content\/uploads\/2023\/03\/3-min-2.png 1366w\" sizes=\"auto, (max-width: 1024px) 100vw, 1024px\" \/><\/figure><\/div>\n\n\n\n<p class=\"fuente_gotham\"><strong><mark style=\"background-color:rgba(0, 0, 0, 0)\" class=\"has-inline-color has-ast-global-color-1-color\">Y ahora es tiempo de disfrutar de este deleite gastron\u00f3mico,<\/mark><\/strong> tra\u00eddo a vuestra mesa para el disfrute de vuestros paladares. Les invitamos a adentrarse en este mundo del cual, estamos seguros, no podr\u00e1n alejarse m\u00e1s.<\/p>\n\n\n\n<div style=\"height:50px\" aria-hidden=\"true\" class=\"wp-block-spacer\"><\/div>\n<\/div><\/div>\n","protected":false},"excerpt":{"rendered":"<p>Grupo Sent Sov\u00ed nace de un selecto grupo de amigos que, cansados de lo mundano, deciden descubrir y promover productos de alta calidad, pero poco conocidos fuera de sus pa\u00edses de origen, y, en muchos casos incluso, de los terru\u00f1os donde son producidos. Es as\u00ed como viajamos a las tierras del viejo mundo, donde exploramos [&hellip;]<\/p>\n","protected":false},"author":1,"featured_media":0,"parent":0,"menu_order":0,"comment_status":"closed","ping_status":"closed","template":"","meta":{"_uag_custom_page_level_css":"","site-sidebar-layout":"no-sidebar","site-content-layout":"page-builder","ast-site-content-layout":"default","site-content-style":"default","site-sidebar-style":"default","ast-global-header-display":"","ast-banner-title-visibility":"","ast-main-header-display":"","ast-hfb-above-header-display":"","ast-hfb-below-header-display":"","ast-hfb-mobile-header-display":"","site-post-title":"disabled","ast-breadcrumbs-content":"","ast-featured-img":"disabled","footer-sml-layout":"","ast-disable-related-posts":"","theme-transparent-header-meta":"enabled","adv-header-id-meta":"","stick-header-meta":"","header-above-stick-meta":"","header-main-stick-meta":"","header-below-stick-meta":"","astra-migrate-meta-layouts":"default","ast-page-background-enabled":"default","ast-page-background-meta":{"desktop":{"background-color":"","background-image":"","background-repeat":"repeat","background-position":"center center","background-size":"auto","background-attachment":"scroll","background-type":"","background-media":"","overlay-type":"","overlay-color":"","overlay-opacity":"","overlay-gradient":""},"tablet":{"background-color":"","background-image":"","background-repeat":"repeat","background-position":"center center","background-size":"auto","background-attachment":"scroll","background-type":"","background-media":"","overlay-type":"","overlay-color":"","overlay-opacity":"","overlay-gradient":""},"mobile":{"background-color":"","background-image":"","background-repeat":"repeat","background-position":"center center","background-size":"auto","background-attachment":"scroll","background-type":"","background-media":"","overlay-type":"","overlay-color":"","overlay-opacity":"","overlay-gradient":""}},"ast-content-background-meta":{"desktop":{"background-color":"var(--ast-global-color-5)","background-image":"","background-repeat":"repeat","background-position":"center center","background-size":"auto","background-attachment":"scroll","background-type":"","background-media":"","overlay-type":"","overlay-color":"","overlay-opacity":"","overlay-gradient":""},"tablet":{"background-color":"var(--ast-global-color-5)","background-image":"","background-repeat":"repeat","background-position":"center center","background-size":"auto","background-attachment":"scroll","background-type":"","background-media":"","overlay-type":"","overlay-color":"","overlay-opacity":"","overlay-gradient":""},"mobile":{"background-color":"var(--ast-global-color-5)","background-image":"","background-repeat":"repeat","background-position":"center center","background-size":"auto","background-attachment":"scroll","background-type":"","background-media":"","overlay-type":"","overlay-color":"","overlay-opacity":"","overlay-gradient":""}},"_themeisle_gutenberg_block_has_review":false,"footnotes":""},"class_list":["post-694","page","type-page","status-publish","hentry"],"uagb_featured_image_src":{"full":false,"thumbnail":false,"medium":false,"medium_large":false,"large":false,"1536x1536":false,"2048x2048":false,"mailpoet_newsletter_max":false,"woocommerce_thumbnail":false,"woocommerce_single":false,"woocommerce_gallery_thumbnail":false},"uagb_author_info":{"display_name":"noucamp13","author_link":"https:\/\/gruposentsovi.com\/index.php\/author\/noucamp13\/"},"uagb_comment_info":0,"uagb_excerpt":"Grupo Sent Sov\u00ed nace de un selecto grupo de amigos que, cansados de lo mundano, deciden descubrir y promover productos de alta calidad, pero poco conocidos fuera de sus pa\u00edses de origen, y, en muchos casos incluso, de los terru\u00f1os donde son producidos. Es as\u00ed como viajamos a las tierras del viejo mundo, donde exploramos&hellip;","_links":{"self":[{"href":"https:\/\/gruposentsovi.com\/index.php\/wp-json\/wp\/v2\/pages\/694","targetHints":{"allow":["GET"]}}],"collection":[{"href":"https:\/\/gruposentsovi.com\/index.php\/wp-json\/wp\/v2\/pages"}],"about":[{"href":"https:\/\/gruposentsovi.com\/index.php\/wp-json\/wp\/v2\/types\/page"}],"author":[{"embeddable":true,"href":"https:\/\/gruposentsovi.com\/index.php\/wp-json\/wp\/v2\/users\/1"}],"replies":[{"embeddable":true,"href":"https:\/\/gruposentsovi.com\/index.php\/wp-json\/wp\/v2\/comments?post=694"}],"version-history":[{"count":59,"href":"https:\/\/gruposentsovi.com\/index.php\/wp-json\/wp\/v2\/pages\/694\/revisions"}],"predecessor-version":[{"id":2113,"href":"https:\/\/gruposentsovi.com\/index.php\/wp-json\/wp\/v2\/pages\/694\/revisions\/2113"}],"wp:attachment":[{"href":"https:\/\/gruposentsovi.com\/index.php\/wp-json\/wp\/v2\/media?parent=694"}],"curies":[{"name":"wp","href":"https:\/\/api.w.org\/{rel}","templated":true}]}}