{"id":2173,"date":"2023-11-17T17:12:01","date_gmt":"2023-11-17T23:12:01","guid":{"rendered":"https:\/\/gruposentsovi.com\/?post_type=product&#038;p=2173"},"modified":"2024-03-09T17:20:35","modified_gmt":"2024-03-09T23:20:35","slug":"licor-de-naranja","status":"publish","type":"product","link":"https:\/\/gruposentsovi.com\/index.php\/producto\/licor-de-naranja\/","title":{"rendered":"Licor de Naranja"},"content":{"rendered":"","protected":false},"excerpt":{"rendered":"<h5>Pago de Tharsys<\/h5>\n<hr \/>\n<p><strong>Presentaci\u00f3n:<\/strong> 500ml.<\/p>\n<p><strong>Variedades:<\/strong> Chardonnay \u2013 Macabeo \u2013 Piel de Naranja Valenciana.<\/p>\n<p><strong>Alcohol:<\/strong> 20,0%.<\/p>\n<p><strong>A\u00f1ejamiento:<\/strong> Destilado producido en alambique de cobre con maceraci\u00f3n posterior.<\/p>\n<p><strong>Lo m\u00e1s destacado:<\/strong> El aroma a naranja es inconfundible.<\/p>\n<p><strong>Maridaje:<\/strong> S\u00f3lo como aperitivo, o despu\u00e9s de una buena paella Valenciana.<\/p>\n<p><strong>Para beber:<\/strong> Servir entre 2-5\u00b0C.<\/p>\n","protected":false},"featured_media":2453,"template":"","meta":{"_uag_custom_page_level_css":"","site-sidebar-layout":"default","site-content-layout":"default","ast-site-content-layout":"default","site-content-style":"default","site-sidebar-style":"default","ast-global-header-display":"","ast-banner-title-visibility":"","ast-main-header-display":"","ast-hfb-above-header-display":"","ast-hfb-below-header-display":"","ast-hfb-mobile-header-display":"","site-post-title":"","ast-breadcrumbs-content":"","ast-featured-img":"","footer-sml-layout":"","ast-disable-related-posts":"","theme-transparent-header-meta":"default","adv-header-id-meta":"","stick-header-meta":"","header-above-stick-meta":"","header-main-stick-meta":"","header-below-stick-meta":"","astra-migrate-meta-layouts":"default","ast-page-background-enabled":"default","ast-page-background-meta":{"desktop":{"background-color":"","background-image":"","background-repeat":"repeat","background-position":"center center","background-size":"auto","background-attachment":"scroll","background-type":"","background-media":"","overlay-type":"","overlay-color":"","overlay-opacity":"","overlay-gradient":""},"tablet":{"background-color":"","background-image":"","background-repeat":"repeat","background-position":"center center","background-size":"auto","background-attachment":"scroll","background-type":"","background-media":"","overlay-type":"","overlay-color":"","overlay-opacity":"","overlay-gradient":""},"mobile":{"background-color":"","background-image":"","background-repeat":"repeat","background-position":"center center","background-size":"auto","background-attachment":"scroll","background-type":"","background-media":"","overlay-type":"","overlay-color":"","overlay-opacity":"","overlay-gradient":""}},"ast-content-background-meta":{"desktop":{"background-color":"var(--ast-global-color-5)","background-image":"","background-repeat":"repeat","background-position":"center center","background-size":"auto","background-attachment":"scroll","background-type":"","background-media":"","overlay-type":"","overlay-color":"","overlay-opacity":"","overlay-gradient":""},"tablet":{"background-color":"var(--ast-global-color-5)","background-image":"","background-repeat":"repeat","background-position":"center center","background-size":"auto","background-attachment":"scroll","background-type":"","background-media":"","overlay-type":"","overlay-color":"","overlay-opacity":"","overlay-gradient":""},"mobile":{"background-color":"var(--ast-global-color-5)","background-image":"","background-repeat":"repeat","background-position":"center center","background-size":"auto","background-attachment":"scroll","background-type":"","background-media":"","overlay-type":"","overlay-color":"","overlay-opacity":"","overlay-gradient":""}},"_themeisle_gutenberg_block_has_review":false},"product_brand":[],"product_cat":[46,39],"product_tag":[],"class_list":{"0":"post-2173","1":"product","2":"type-product","3":"status-publish","4":"has-post-thumbnail","6":"product_cat-licores-dulces","7":"product_cat-pago-de-tharsys","8":"desktop-align-left","9":"tablet-align-left","10":"mobile-align-left","12":"first","13":"instock","14":"shipping-taxable","15":"product-type-simple"},"uagb_featured_image_src":{"full":["https:\/\/gruposentsovi.com\/wp-content\/uploads\/2023\/11\/23-min.png",1080,1080,false],"thumbnail":["https:\/\/gruposentsovi.com\/wp-content\/uploads\/2023\/11\/23-min-150x150.png",150,150,true],"medium":["https:\/\/gruposentsovi.com\/wp-content\/uploads\/2023\/11\/23-min-300x300.png",300,300,true],"medium_large":["https:\/\/gruposentsovi.com\/wp-content\/uploads\/2023\/11\/23-min-768x768.png",768,768,true],"large":["https:\/\/gruposentsovi.com\/wp-content\/uploads\/2023\/11\/23-min-1024x1024.png",1024,1024,true],"1536x1536":["https:\/\/gruposentsovi.com\/wp-content\/uploads\/2023\/11\/23-min.png",1080,1080,false],"2048x2048":["https:\/\/gruposentsovi.com\/wp-content\/uploads\/2023\/11\/23-min.png",1080,1080,false],"mailpoet_newsletter_max":["https:\/\/gruposentsovi.com\/wp-content\/uploads\/2023\/11\/23-min.png",1080,1080,false],"woocommerce_thumbnail":["https:\/\/gruposentsovi.com\/wp-content\/uploads\/2023\/11\/23-min-200x200.png",200,200,true],"woocommerce_single":["https:\/\/gruposentsovi.com\/wp-content\/uploads\/2023\/11\/23-min-600x600.png",600,600,true],"woocommerce_gallery_thumbnail":["https:\/\/gruposentsovi.com\/wp-content\/uploads\/2023\/11\/23-min-100x100.png",100,100,true]},"uagb_author_info":{"display_name":"noucamp13","author_link":"https:\/\/gruposentsovi.com\/index.php\/author\/"},"uagb_comment_info":0,"uagb_excerpt":"Pago de Tharsys Presentaci\u00f3n: 500ml. Variedades: Chardonnay \u2013 Macabeo \u2013 Piel de Naranja Valenciana. Alcohol: 20,0%. A\u00f1ejamiento: Destilado producido en alambique de cobre con maceraci\u00f3n posterior. Lo m\u00e1s destacado: El aroma a naranja es inconfundible. Maridaje: S\u00f3lo como aperitivo, o despu\u00e9s de una buena paella Valenciana. Para beber: Servir entre 2-5\u00b0C.","_links":{"self":[{"href":"https:\/\/gruposentsovi.com\/index.php\/wp-json\/wp\/v2\/product\/2173","targetHints":{"allow":["GET"]}}],"collection":[{"href":"https:\/\/gruposentsovi.com\/index.php\/wp-json\/wp\/v2\/product"}],"about":[{"href":"https:\/\/gruposentsovi.com\/index.php\/wp-json\/wp\/v2\/types\/product"}],"wp:featuredmedia":[{"embeddable":true,"href":"https:\/\/gruposentsovi.com\/index.php\/wp-json\/wp\/v2\/media\/2453"}],"wp:attachment":[{"href":"https:\/\/gruposentsovi.com\/index.php\/wp-json\/wp\/v2\/media?parent=2173"}],"wp:term":[{"taxonomy":"product_brand","embeddable":true,"href":"https:\/\/gruposentsovi.com\/index.php\/wp-json\/wp\/v2\/product_brand?post=2173"},{"taxonomy":"product_cat","embeddable":true,"href":"https:\/\/gruposentsovi.com\/index.php\/wp-json\/wp\/v2\/product_cat?post=2173"},{"taxonomy":"product_tag","embeddable":true,"href":"https:\/\/gruposentsovi.com\/index.php\/wp-json\/wp\/v2\/product_tag?post=2173"}],"curies":[{"name":"wp","href":"https:\/\/api.w.org\/{rel}","templated":true}]}}