{"id":2196,"date":"2023-11-17T17:12:22","date_gmt":"2023-11-17T23:12:22","guid":{"rendered":"https:\/\/gruposentsovi.com\/?post_type=product&#038;p=2196"},"modified":"2024-03-09T17:19:51","modified_gmt":"2024-03-09T23:19:51","slug":"caput-aquae","status":"publish","type":"product","link":"https:\/\/gruposentsovi.com\/index.php\/producto\/caput-aquae\/","title":{"rendered":"Caput Aquae"},"content":{"rendered":"","protected":false},"excerpt":{"rendered":"<h5>Bodegas Iranzo<\/h5>\n<hr \/>\n<p><strong>Presentaci\u00f3n:<\/strong> 750ml.<\/p>\n<p><strong>Variedades:<\/strong> 85% Bobal, 15% Garnacha.<\/p>\n<p><strong>Alcohol:<\/strong> 14,5%.<\/p>\n<p><strong>Denominaci\u00f3n:<\/strong> DOP Utiel-Requena.<\/p>\n<p><strong>Lo m\u00e1s destacado:<\/strong> Fresco y vivo. El vino para todos los d\u00edas.<\/p>\n<p><strong>Maridaje:<\/strong> S\u00f3lo o con amigos. Con quesos suaves, carnes fr\u00edas, o pastas a base de tomate.<\/p>\n<p><strong>Para beber:<\/strong> Servir entre 18-20\u00b0C.<\/p>\n","protected":false},"featured_media":2464,"template":"","meta":{"_uag_custom_page_level_css":"","site-sidebar-layout":"default","site-content-layout":"default","ast-site-content-layout":"default","site-content-style":"default","site-sidebar-style":"default","ast-global-header-display":"","ast-banner-title-visibility":"","ast-main-header-display":"","ast-hfb-above-header-display":"","ast-hfb-below-header-display":"","ast-hfb-mobile-header-display":"","site-post-title":"","ast-breadcrumbs-content":"","ast-featured-img":"","footer-sml-layout":"","ast-disable-related-posts":"","theme-transparent-header-meta":"default","adv-header-id-meta":"","stick-header-meta":"","header-above-stick-meta":"","header-main-stick-meta":"","header-below-stick-meta":"","astra-migrate-meta-layouts":"default","ast-page-background-enabled":"default","ast-page-background-meta":{"desktop":{"background-color":"","background-image":"","background-repeat":"repeat","background-position":"center center","background-size":"auto","background-attachment":"scroll","background-type":"","background-media":"","overlay-type":"","overlay-color":"","overlay-opacity":"","overlay-gradient":""},"tablet":{"background-color":"","background-image":"","background-repeat":"repeat","background-position":"center center","background-size":"auto","background-attachment":"scroll","background-type":"","background-media":"","overlay-type":"","overlay-color":"","overlay-opacity":"","overlay-gradient":""},"mobile":{"background-color":"","background-image":"","background-repeat":"repeat","background-position":"center center","background-size":"auto","background-attachment":"scroll","background-type":"","background-media":"","overlay-type":"","overlay-color":"","overlay-opacity":"","overlay-gradient":""}},"ast-content-background-meta":{"desktop":{"background-color":"var(--ast-global-color-5)","background-image":"","background-repeat":"repeat","background-position":"center center","background-size":"auto","background-attachment":"scroll","background-type":"","background-media":"","overlay-type":"","overlay-color":"","overlay-opacity":"","overlay-gradient":""},"tablet":{"background-color":"var(--ast-global-color-5)","background-image":"","background-repeat":"repeat","background-position":"center center","background-size":"auto","background-attachment":"scroll","background-type":"","background-media":"","overlay-type":"","overlay-color":"","overlay-opacity":"","overlay-gradient":""},"mobile":{"background-color":"var(--ast-global-color-5)","background-image":"","background-repeat":"repeat","background-position":"center center","background-size":"auto","background-attachment":"scroll","background-type":"","background-media":"","overlay-type":"","overlay-color":"","overlay-opacity":"","overlay-gradient":""}},"_themeisle_gutenberg_block_has_review":false},"product_brand":[],"product_cat":[34,35,32],"product_tag":[],"class_list":{"0":"post-2196","1":"product","2":"type-product","3":"status-publish","4":"has-post-thumbnail","6":"product_cat-bodegas-iranzo","7":"product_cat-vinos-espanoles","8":"product_cat-vinos-tintos","9":"desktop-align-left","10":"tablet-align-left","11":"mobile-align-left","13":"first","14":"instock","15":"shipping-taxable","16":"product-type-simple"},"uagb_featured_image_src":{"full":["https:\/\/gruposentsovi.com\/wp-content\/uploads\/2023\/11\/33-min.png",1080,1080,false],"thumbnail":["https:\/\/gruposentsovi.com\/wp-content\/uploads\/2023\/11\/33-min-150x150.png",150,150,true],"medium":["https:\/\/gruposentsovi.com\/wp-content\/uploads\/2023\/11\/33-min-300x300.png",300,300,true],"medium_large":["https:\/\/gruposentsovi.com\/wp-content\/uploads\/2023\/11\/33-min-768x768.png",768,768,true],"large":["https:\/\/gruposentsovi.com\/wp-content\/uploads\/2023\/11\/33-min-1024x1024.png",1024,1024,true],"1536x1536":["https:\/\/gruposentsovi.com\/wp-content\/uploads\/2023\/11\/33-min.png",1080,1080,false],"2048x2048":["https:\/\/gruposentsovi.com\/wp-content\/uploads\/2023\/11\/33-min.png",1080,1080,false],"mailpoet_newsletter_max":["https:\/\/gruposentsovi.com\/wp-content\/uploads\/2023\/11\/33-min.png",1080,1080,false],"woocommerce_thumbnail":["https:\/\/gruposentsovi.com\/wp-content\/uploads\/2023\/11\/33-min-200x200.png",200,200,true],"woocommerce_single":["https:\/\/gruposentsovi.com\/wp-content\/uploads\/2023\/11\/33-min-600x600.png",600,600,true],"woocommerce_gallery_thumbnail":["https:\/\/gruposentsovi.com\/wp-content\/uploads\/2023\/11\/33-min-100x100.png",100,100,true]},"uagb_author_info":{"display_name":"noucamp13","author_link":"https:\/\/gruposentsovi.com\/index.php\/author\/"},"uagb_comment_info":0,"uagb_excerpt":"Bodegas Iranzo Presentaci\u00f3n: 750ml. Variedades: 85% Bobal, 15% Garnacha. Alcohol: 14,5%. Denominaci\u00f3n: DOP Utiel-Requena. Lo m\u00e1s destacado: Fresco y vivo. El vino para todos los d\u00edas. Maridaje: S\u00f3lo o con amigos. Con quesos suaves, carnes fr\u00edas, o pastas a base de tomate. Para beber: Servir entre 18-20\u00b0C.","_links":{"self":[{"href":"https:\/\/gruposentsovi.com\/index.php\/wp-json\/wp\/v2\/product\/2196","targetHints":{"allow":["GET"]}}],"collection":[{"href":"https:\/\/gruposentsovi.com\/index.php\/wp-json\/wp\/v2\/product"}],"about":[{"href":"https:\/\/gruposentsovi.com\/index.php\/wp-json\/wp\/v2\/types\/product"}],"wp:featuredmedia":[{"embeddable":true,"href":"https:\/\/gruposentsovi.com\/index.php\/wp-json\/wp\/v2\/media\/2464"}],"wp:attachment":[{"href":"https:\/\/gruposentsovi.com\/index.php\/wp-json\/wp\/v2\/media?parent=2196"}],"wp:term":[{"taxonomy":"product_brand","embeddable":true,"href":"https:\/\/gruposentsovi.com\/index.php\/wp-json\/wp\/v2\/product_brand?post=2196"},{"taxonomy":"product_cat","embeddable":true,"href":"https:\/\/gruposentsovi.com\/index.php\/wp-json\/wp\/v2\/product_cat?post=2196"},{"taxonomy":"product_tag","embeddable":true,"href":"https:\/\/gruposentsovi.com\/index.php\/wp-json\/wp\/v2\/product_tag?post=2196"}],"curies":[{"name":"wp","href":"https:\/\/api.w.org\/{rel}","templated":true}]}}