{"id":2202,"date":"2023-11-17T17:16:25","date_gmt":"2023-11-17T23:16:25","guid":{"rendered":"https:\/\/gruposentsovi.com\/?post_type=product&#038;p=2202"},"modified":"2024-03-09T17:13:50","modified_gmt":"2024-03-09T23:13:50","slug":"mammut","status":"publish","type":"product","link":"https:\/\/gruposentsovi.com\/index.php\/producto\/mammut\/","title":{"rendered":"Mammut"},"content":{"rendered":"","protected":false},"excerpt":{"rendered":"<h5>Cascina del Colle<\/h5>\n<hr \/>\n<p><strong>Presentaci\u00f3n:<\/strong> 750ml.<\/p>\n<p><strong>Variedades:<\/strong> Montepulciano.<\/p>\n<p><strong>Alcohol:<\/strong> 14,5%.<\/p>\n<p><strong>Denominaci\u00f3n:<\/strong> DOC Montepulciano d\u2019Abruzzo.<\/p>\n<p><strong>A\u00f1ejamiento:<\/strong> 18 meses en tanques de acero inoxidable.<\/p>\n<p><strong>Lo m\u00e1s destacado:<\/strong> Frutas y m\u00e1s frutas en nariz y en boca.<\/p>\n<p><strong>Maridaje:<\/strong> Quesos semi curados, azules, o blandos con car\u00e1cter; salsas a base de tomate; cocidos; chocolate.<\/p>\n<p><strong>Para beber:<\/strong> Servir entre 18-20\u00b0C.<\/p>\n","protected":false},"featured_media":2455,"template":"","meta":{"_uag_custom_page_level_css":"","site-sidebar-layout":"default","site-content-layout":"default","ast-site-content-layout":"default","site-content-style":"default","site-sidebar-style":"default","ast-global-header-display":"","ast-banner-title-visibility":"","ast-main-header-display":"","ast-hfb-above-header-display":"","ast-hfb-below-header-display":"","ast-hfb-mobile-header-display":"","site-post-title":"","ast-breadcrumbs-content":"","ast-featured-img":"","footer-sml-layout":"","ast-disable-related-posts":"","theme-transparent-header-meta":"default","adv-header-id-meta":"","stick-header-meta":"","header-above-stick-meta":"","header-main-stick-meta":"","header-below-stick-meta":"","astra-migrate-meta-layouts":"default","ast-page-background-enabled":"default","ast-page-background-meta":{"desktop":{"background-color":"","background-image":"","background-repeat":"repeat","background-position":"center center","background-size":"auto","background-attachment":"scroll","background-type":"","background-media":"","overlay-type":"","overlay-color":"","overlay-opacity":"","overlay-gradient":""},"tablet":{"background-color":"","background-image":"","background-repeat":"repeat","background-position":"center center","background-size":"auto","background-attachment":"scroll","background-type":"","background-media":"","overlay-type":"","overlay-color":"","overlay-opacity":"","overlay-gradient":""},"mobile":{"background-color":"","background-image":"","background-repeat":"repeat","background-position":"center center","background-size":"auto","background-attachment":"scroll","background-type":"","background-media":"","overlay-type":"","overlay-color":"","overlay-opacity":"","overlay-gradient":""}},"ast-content-background-meta":{"desktop":{"background-color":"var(--ast-global-color-5)","background-image":"","background-repeat":"repeat","background-position":"center center","background-size":"auto","background-attachment":"scroll","background-type":"","background-media":"","overlay-type":"","overlay-color":"","overlay-opacity":"","overlay-gradient":""},"tablet":{"background-color":"var(--ast-global-color-5)","background-image":"","background-repeat":"repeat","background-position":"center center","background-size":"auto","background-attachment":"scroll","background-type":"","background-media":"","overlay-type":"","overlay-color":"","overlay-opacity":"","overlay-gradient":""},"mobile":{"background-color":"var(--ast-global-color-5)","background-image":"","background-repeat":"repeat","background-position":"center center","background-size":"auto","background-attachment":"scroll","background-type":"","background-media":"","overlay-type":"","overlay-color":"","overlay-opacity":"","overlay-gradient":""}},"_themeisle_gutenberg_block_has_review":false},"product_brand":[],"product_cat":[36,29,32],"product_tag":[],"class_list":{"0":"post-2202","1":"product","2":"type-product","3":"status-publish","4":"has-post-thumbnail","6":"product_cat-cascina-del-colle","7":"product_cat-vinos-italianos","8":"product_cat-vinos-tintos","9":"desktop-align-left","10":"tablet-align-left","11":"mobile-align-left","13":"first","14":"instock","15":"shipping-taxable","16":"product-type-simple"},"uagb_featured_image_src":{"full":["https:\/\/gruposentsovi.com\/wp-content\/uploads\/2023\/11\/25-min.png",1080,1080,false],"thumbnail":["https:\/\/gruposentsovi.com\/wp-content\/uploads\/2023\/11\/25-min-150x150.png",150,150,true],"medium":["https:\/\/gruposentsovi.com\/wp-content\/uploads\/2023\/11\/25-min-300x300.png",300,300,true],"medium_large":["https:\/\/gruposentsovi.com\/wp-content\/uploads\/2023\/11\/25-min-768x768.png",768,768,true],"large":["https:\/\/gruposentsovi.com\/wp-content\/uploads\/2023\/11\/25-min-1024x1024.png",1024,1024,true],"1536x1536":["https:\/\/gruposentsovi.com\/wp-content\/uploads\/2023\/11\/25-min.png",1080,1080,false],"2048x2048":["https:\/\/gruposentsovi.com\/wp-content\/uploads\/2023\/11\/25-min.png",1080,1080,false],"mailpoet_newsletter_max":["https:\/\/gruposentsovi.com\/wp-content\/uploads\/2023\/11\/25-min.png",1080,1080,false],"woocommerce_thumbnail":["https:\/\/gruposentsovi.com\/wp-content\/uploads\/2023\/11\/25-min-200x200.png",200,200,true],"woocommerce_single":["https:\/\/gruposentsovi.com\/wp-content\/uploads\/2023\/11\/25-min-600x600.png",600,600,true],"woocommerce_gallery_thumbnail":["https:\/\/gruposentsovi.com\/wp-content\/uploads\/2023\/11\/25-min-100x100.png",100,100,true]},"uagb_author_info":{"display_name":"noucamp13","author_link":"https:\/\/gruposentsovi.com\/index.php\/author\/"},"uagb_comment_info":0,"uagb_excerpt":"Cascina del Colle Presentaci\u00f3n: 750ml. Variedades: Montepulciano. Alcohol: 14,5%. Denominaci\u00f3n: DOC Montepulciano d\u2019Abruzzo. A\u00f1ejamiento: 18 meses en tanques de acero inoxidable. Lo m\u00e1s destacado: Frutas y m\u00e1s frutas en nariz y en boca. Maridaje: Quesos semi curados, azules, o blandos con car\u00e1cter; salsas a base de tomate; cocidos; chocolate. Para beber: Servir entre 18-20\u00b0C.","_links":{"self":[{"href":"https:\/\/gruposentsovi.com\/index.php\/wp-json\/wp\/v2\/product\/2202","targetHints":{"allow":["GET"]}}],"collection":[{"href":"https:\/\/gruposentsovi.com\/index.php\/wp-json\/wp\/v2\/product"}],"about":[{"href":"https:\/\/gruposentsovi.com\/index.php\/wp-json\/wp\/v2\/types\/product"}],"wp:featuredmedia":[{"embeddable":true,"href":"https:\/\/gruposentsovi.com\/index.php\/wp-json\/wp\/v2\/media\/2455"}],"wp:attachment":[{"href":"https:\/\/gruposentsovi.com\/index.php\/wp-json\/wp\/v2\/media?parent=2202"}],"wp:term":[{"taxonomy":"product_brand","embeddable":true,"href":"https:\/\/gruposentsovi.com\/index.php\/wp-json\/wp\/v2\/product_brand?post=2202"},{"taxonomy":"product_cat","embeddable":true,"href":"https:\/\/gruposentsovi.com\/index.php\/wp-json\/wp\/v2\/product_cat?post=2202"},{"taxonomy":"product_tag","embeddable":true,"href":"https:\/\/gruposentsovi.com\/index.php\/wp-json\/wp\/v2\/product_tag?post=2202"}],"curies":[{"name":"wp","href":"https:\/\/api.w.org\/{rel}","templated":true}]}}