{"id":2250,"date":"2023-11-17T17:19:49","date_gmt":"2023-11-17T23:19:49","guid":{"rendered":"https:\/\/gruposentsovi.com\/?post_type=product&#038;p=2250"},"modified":"2024-03-09T16:56:03","modified_gmt":"2024-03-09T22:56:03","slug":"bercial-blanco-seleccion","status":"publish","type":"product","link":"https:\/\/gruposentsovi.com\/index.php\/producto\/bercial-blanco-seleccion\/","title":{"rendered":"Bercial Blanco Selecci\u00f3n"},"content":{"rendered":"","protected":false},"excerpt":{"rendered":"<h5>Sierra Norte<\/h5>\n<hr \/>\n<p><strong>Presentaci\u00f3n:<\/strong> 750ml.<\/p>\n<p><strong>Variedades:<\/strong> 45% Chardonnay &#8211; 40% Sauvignon Blanc &#8211; 15% Macabeo.<\/p>\n<p><strong>Alcohol:<\/strong> 12,5%.<\/p>\n<p><strong>Denominaci\u00f3n:<\/strong> DOP Utiel-Requena.<\/p>\n<p><strong>A\u00f1ejamiento:<\/strong> 3 meses en barrica de roble franc\u00e9s.<\/p>\n<p><strong>Lo m\u00e1s destacado:<\/strong> Exclusividad y balance. La perfecta combinaci\u00f3n de las mejores uvas.<\/p>\n<p><strong>Maridaje:<\/strong> Ideal para acompa\u00f1ar tanto quesos fuertes y curados como cremosos. Arroces con fondo de todo tipo. Carnes blancas, pescados y mariscos.<\/p>\n<p><strong>Para beber:<\/strong> Servir entre 8-10\u00b0C.<\/p>\n","protected":false},"featured_media":2438,"template":"","meta":{"_uag_custom_page_level_css":"","site-sidebar-layout":"default","site-content-layout":"default","ast-site-content-layout":"default","site-content-style":"default","site-sidebar-style":"default","ast-global-header-display":"","ast-banner-title-visibility":"","ast-main-header-display":"","ast-hfb-above-header-display":"","ast-hfb-below-header-display":"","ast-hfb-mobile-header-display":"","site-post-title":"","ast-breadcrumbs-content":"","ast-featured-img":"","footer-sml-layout":"","ast-disable-related-posts":"","theme-transparent-header-meta":"default","adv-header-id-meta":"","stick-header-meta":"","header-above-stick-meta":"","header-main-stick-meta":"","header-below-stick-meta":"","astra-migrate-meta-layouts":"default","ast-page-background-enabled":"default","ast-page-background-meta":{"desktop":{"background-color":"","background-image":"","background-repeat":"repeat","background-position":"center center","background-size":"auto","background-attachment":"scroll","background-type":"","background-media":"","overlay-type":"","overlay-color":"","overlay-opacity":"","overlay-gradient":""},"tablet":{"background-color":"","background-image":"","background-repeat":"repeat","background-position":"center center","background-size":"auto","background-attachment":"scroll","background-type":"","background-media":"","overlay-type":"","overlay-color":"","overlay-opacity":"","overlay-gradient":""},"mobile":{"background-color":"","background-image":"","background-repeat":"repeat","background-position":"center center","background-size":"auto","background-attachment":"scroll","background-type":"","background-media":"","overlay-type":"","overlay-color":"","overlay-opacity":"","overlay-gradient":""}},"ast-content-background-meta":{"desktop":{"background-color":"var(--ast-global-color-5)","background-image":"","background-repeat":"repeat","background-position":"center center","background-size":"auto","background-attachment":"scroll","background-type":"","background-media":"","overlay-type":"","overlay-color":"","overlay-opacity":"","overlay-gradient":""},"tablet":{"background-color":"var(--ast-global-color-5)","background-image":"","background-repeat":"repeat","background-position":"center center","background-size":"auto","background-attachment":"scroll","background-type":"","background-media":"","overlay-type":"","overlay-color":"","overlay-opacity":"","overlay-gradient":""},"mobile":{"background-color":"var(--ast-global-color-5)","background-image":"","background-repeat":"repeat","background-position":"center center","background-size":"auto","background-attachment":"scroll","background-type":"","background-media":"","overlay-type":"","overlay-color":"","overlay-opacity":"","overlay-gradient":""}},"_themeisle_gutenberg_block_has_review":false},"product_brand":[],"product_cat":[42,31,35],"product_tag":[],"class_list":{"0":"post-2250","1":"product","2":"type-product","3":"status-publish","4":"has-post-thumbnail","6":"product_cat-sierra-norte","7":"product_cat-vinos-blancos","8":"product_cat-vinos-espanoles","9":"desktop-align-left","10":"tablet-align-left","11":"mobile-align-left","13":"first","14":"instock","15":"shipping-taxable","16":"product-type-simple"},"uagb_featured_image_src":{"full":["https:\/\/gruposentsovi.com\/wp-content\/uploads\/2023\/11\/8-min.png",1080,1080,false],"thumbnail":["https:\/\/gruposentsovi.com\/wp-content\/uploads\/2023\/11\/8-min-150x150.png",150,150,true],"medium":["https:\/\/gruposentsovi.com\/wp-content\/uploads\/2023\/11\/8-min-300x300.png",300,300,true],"medium_large":["https:\/\/gruposentsovi.com\/wp-content\/uploads\/2023\/11\/8-min-768x768.png",768,768,true],"large":["https:\/\/gruposentsovi.com\/wp-content\/uploads\/2023\/11\/8-min-1024x1024.png",1024,1024,true],"1536x1536":["https:\/\/gruposentsovi.com\/wp-content\/uploads\/2023\/11\/8-min.png",1080,1080,false],"2048x2048":["https:\/\/gruposentsovi.com\/wp-content\/uploads\/2023\/11\/8-min.png",1080,1080,false],"mailpoet_newsletter_max":["https:\/\/gruposentsovi.com\/wp-content\/uploads\/2023\/11\/8-min.png",1080,1080,false],"woocommerce_thumbnail":["https:\/\/gruposentsovi.com\/wp-content\/uploads\/2023\/11\/8-min-200x200.png",200,200,true],"woocommerce_single":["https:\/\/gruposentsovi.com\/wp-content\/uploads\/2023\/11\/8-min-600x600.png",600,600,true],"woocommerce_gallery_thumbnail":["https:\/\/gruposentsovi.com\/wp-content\/uploads\/2023\/11\/8-min-100x100.png",100,100,true]},"uagb_author_info":{"display_name":"noucamp13","author_link":"https:\/\/gruposentsovi.com\/index.php\/author\/"},"uagb_comment_info":0,"uagb_excerpt":"Sierra Norte Presentaci\u00f3n: 750ml. Variedades: 45% Chardonnay - 40% Sauvignon Blanc - 15% Macabeo. Alcohol: 12,5%. Denominaci\u00f3n: DOP Utiel-Requena. A\u00f1ejamiento: 3 meses en barrica de roble franc\u00e9s. Lo m\u00e1s destacado: Exclusividad y balance. La perfecta combinaci\u00f3n de las mejores uvas. Maridaje: Ideal para acompa\u00f1ar tanto quesos fuertes y curados como cremosos. Arroces con fondo de&hellip;","_links":{"self":[{"href":"https:\/\/gruposentsovi.com\/index.php\/wp-json\/wp\/v2\/product\/2250","targetHints":{"allow":["GET"]}}],"collection":[{"href":"https:\/\/gruposentsovi.com\/index.php\/wp-json\/wp\/v2\/product"}],"about":[{"href":"https:\/\/gruposentsovi.com\/index.php\/wp-json\/wp\/v2\/types\/product"}],"wp:featuredmedia":[{"embeddable":true,"href":"https:\/\/gruposentsovi.com\/index.php\/wp-json\/wp\/v2\/media\/2438"}],"wp:attachment":[{"href":"https:\/\/gruposentsovi.com\/index.php\/wp-json\/wp\/v2\/media?parent=2250"}],"wp:term":[{"taxonomy":"product_brand","embeddable":true,"href":"https:\/\/gruposentsovi.com\/index.php\/wp-json\/wp\/v2\/product_brand?post=2250"},{"taxonomy":"product_cat","embeddable":true,"href":"https:\/\/gruposentsovi.com\/index.php\/wp-json\/wp\/v2\/product_cat?post=2250"},{"taxonomy":"product_tag","embeddable":true,"href":"https:\/\/gruposentsovi.com\/index.php\/wp-json\/wp\/v2\/product_tag?post=2250"}],"curies":[{"name":"wp","href":"https:\/\/api.w.org\/{rel}","templated":true}]}}