{"id":2371,"date":"2024-02-21T19:50:10","date_gmt":"2024-02-22T01:50:10","guid":{"rendered":"https:\/\/gruposentsovi.com\/?post_type=product&#038;p=2371"},"modified":"2025-10-03T12:19:54","modified_gmt":"2025-10-03T18:19:54","slug":"copa-universal-gold-edition","status":"publish","type":"product","link":"https:\/\/gruposentsovi.com\/index.php\/producto\/copa-universal-gold-edition\/","title":{"rendered":"Copa universal &#8211; Gold edition"},"content":{"rendered":"<p data-start=\"219\" data-end=\"297\"><strong data-start=\"219\" data-end=\"295\">Gabriel-Glas Gold Edition: la copa universal m\u00e1s exclusiva en Costa Rica<\/strong><\/p>\n<p data-start=\"299\" data-end=\"628\">La <strong data-start=\"302\" data-end=\"331\">Gabriel-Glas Gold Edition<\/strong> es la versi\u00f3n m\u00e1s prestigiosa de la ic\u00f3nica copa universal creada en Austria. Fabricada a mano en cristal soplado sin plomo, se distingue por su <strong data-start=\"477\" data-end=\"536\">extrema ligereza, equilibrio perfecto y dise\u00f1o refinado<\/strong>, convirti\u00e9ndose en la copa favorita de sommeliers y amantes del vino alrededor del mundo.<\/p>\n<p data-start=\"630\" data-end=\"969\">Gracias a su forma \u00fanica en \u201cV\u201d, la <strong data-start=\"666\" data-end=\"682\">Gold Edition<\/strong> potencia los aromas y sabores de cualquier tipo de vino, desde espumosos hasta tintos estructurados, eliminando la necesidad de m\u00faltiples copas especializadas. Su acabado artesanal y su sofisticaci\u00f3n convierten cada servicio en una experiencia de lujo, ahora disponible en Costa Rica.<\/p>\n","protected":false},"excerpt":{"rendered":"<h5>Gabriel-Glass<\/h5>\n<hr \/>\n<p class=\"p1\">Soplada a mano.<\/p>\n<p class=\"p1\"><strong>Altura:<\/strong> <span class=\"s1\">230mm.<\/span><\/p>\n<p class=\"p1\"><strong>Ancho del cuerpo:<\/strong> <span class=\"s1\">95mm.<\/span><\/p>\n<p class=\"p1\"><strong>Ancho de la boca:<\/strong> <span class=\"s1\">66mm.<\/span><\/p>\n<p class=\"p1\"><strong>Peso aproximado:<\/strong> <span class=\"s1\">150g.<\/span><\/p>\n<p><strong>Presentaci\u00f3n:<\/strong> 2 copas con caja premium.<\/p>\n<p class=\"p1\"><strong>Aspectos generales:<\/strong> Algunas cosas necesitan ser sostenidas para ser apreciadas y simplemente levantar la copa de vino fina Gold Edition te dice todo lo que necesitas saber sobre su artesan\u00eda; m\u00e1s ligera que el aire, delicada pero duradera, precisamente equilibrada y extraordinariamente delgada.<\/p>\n<p class=\"p1\"><strong>Aspectos destacados:<\/strong><\/p>\n<p class=\"p2\">Dise\u00f1ada para todo tipo de vinos.<\/p>\n<p class=\"p2\">Soplada y elaborada a mano de principio a fin.<\/p>\n<p class=\"p2\">Cristal apto para lavavajillas.<\/p>\n<p class=\"p3\">Cristal brillante y sin plomo.<\/p>\n","protected":false},"featured_media":2260,"template":"","meta":{"_uag_custom_page_level_css":"","site-sidebar-layout":"default","site-content-layout":"default","ast-site-content-layout":"default","site-content-style":"default","site-sidebar-style":"default","ast-global-header-display":"","ast-banner-title-visibility":"","ast-main-header-display":"","ast-hfb-above-header-display":"","ast-hfb-below-header-display":"","ast-hfb-mobile-header-display":"","site-post-title":"","ast-breadcrumbs-content":"","ast-featured-img":"","footer-sml-layout":"","ast-disable-related-posts":"","theme-transparent-header-meta":"default","adv-header-id-meta":"","stick-header-meta":"","header-above-stick-meta":"","header-main-stick-meta":"","header-below-stick-meta":"","astra-migrate-meta-layouts":"set","ast-page-background-enabled":"default","ast-page-background-meta":{"desktop":{"background-color":"","background-image":"","background-repeat":"repeat","background-position":"center center","background-size":"auto","background-attachment":"scroll","background-type":"","background-media":"","overlay-type":"","overlay-color":"","overlay-opacity":"","overlay-gradient":""},"tablet":{"background-color":"","background-image":"","background-repeat":"repeat","background-position":"center center","background-size":"auto","background-attachment":"scroll","background-type":"","background-media":"","overlay-type":"","overlay-color":"","overlay-opacity":"","overlay-gradient":""},"mobile":{"background-color":"","background-image":"","background-repeat":"repeat","background-position":"center center","background-size":"auto","background-attachment":"scroll","background-type":"","background-media":"","overlay-type":"","overlay-color":"","overlay-opacity":"","overlay-gradient":""}},"ast-content-background-meta":{"desktop":{"background-color":"var(--ast-global-color-5)","background-image":"","background-repeat":"repeat","background-position":"center center","background-size":"auto","background-attachment":"scroll","background-type":"","background-media":"","overlay-type":"","overlay-color":"","overlay-opacity":"","overlay-gradient":""},"tablet":{"background-color":"var(--ast-global-color-5)","background-image":"","background-repeat":"repeat","background-position":"center center","background-size":"auto","background-attachment":"scroll","background-type":"","background-media":"","overlay-type":"","overlay-color":"","overlay-opacity":"","overlay-gradient":""},"mobile":{"background-color":"var(--ast-global-color-5)","background-image":"","background-repeat":"repeat","background-position":"center center","background-size":"auto","background-attachment":"scroll","background-type":"","background-media":"","overlay-type":"","overlay-color":"","overlay-opacity":"","overlay-gradient":""}},"_themeisle_gutenberg_block_has_review":false},"product_brand":[],"product_cat":[43,41],"product_tag":[],"class_list":{"0":"post-2371","1":"product","2":"type-product","3":"status-publish","4":"has-post-thumbnail","6":"product_cat-accesorios-vino","7":"product_cat-gabriel-glass","8":"desktop-align-left","9":"tablet-align-left","10":"mobile-align-left","12":"first","13":"instock","14":"shipping-taxable","15":"product-type-simple"},"uagb_featured_image_src":{"full":["https:\/\/gruposentsovi.com\/wp-content\/uploads\/2023\/11\/StandArt_2Pk_wBox.jpg",938,938,false],"thumbnail":["https:\/\/gruposentsovi.com\/wp-content\/uploads\/2023\/11\/StandArt_2Pk_wBox-150x150.jpg",150,150,true],"medium":["https:\/\/gruposentsovi.com\/wp-content\/uploads\/2023\/11\/StandArt_2Pk_wBox-300x300.jpg",300,300,true],"medium_large":["https:\/\/gruposentsovi.com\/wp-content\/uploads\/2023\/11\/StandArt_2Pk_wBox-768x768.jpg",768,768,true],"large":["https:\/\/gruposentsovi.com\/wp-content\/uploads\/2023\/11\/StandArt_2Pk_wBox.jpg",938,938,false],"1536x1536":["https:\/\/gruposentsovi.com\/wp-content\/uploads\/2023\/11\/StandArt_2Pk_wBox.jpg",938,938,false],"2048x2048":["https:\/\/gruposentsovi.com\/wp-content\/uploads\/2023\/11\/StandArt_2Pk_wBox.jpg",938,938,false],"mailpoet_newsletter_max":["https:\/\/gruposentsovi.com\/wp-content\/uploads\/2023\/11\/StandArt_2Pk_wBox.jpg",938,938,false],"woocommerce_thumbnail":["https:\/\/gruposentsovi.com\/wp-content\/uploads\/2023\/11\/StandArt_2Pk_wBox-200x200.jpg",200,200,true],"woocommerce_single":["https:\/\/gruposentsovi.com\/wp-content\/uploads\/2023\/11\/StandArt_2Pk_wBox-600x600.jpg",600,600,true],"woocommerce_gallery_thumbnail":["https:\/\/gruposentsovi.com\/wp-content\/uploads\/2023\/11\/StandArt_2Pk_wBox-100x100.jpg",100,100,true]},"uagb_author_info":{"display_name":"noucamp13","author_link":"https:\/\/gruposentsovi.com\/index.php\/author\/"},"uagb_comment_info":0,"uagb_excerpt":"Gabriel-Glass Soplada a mano. Altura: 230mm. Ancho del cuerpo: 95mm. Ancho de la boca: 66mm. Peso aproximado: 150g. Presentaci\u00f3n: 2 copas con caja premium. Aspectos generales: Algunas cosas necesitan ser sostenidas para ser apreciadas y simplemente levantar la copa de vino fina Gold Edition te dice todo lo que necesitas saber sobre su artesan\u00eda; m\u00e1s&hellip;","_links":{"self":[{"href":"https:\/\/gruposentsovi.com\/index.php\/wp-json\/wp\/v2\/product\/2371","targetHints":{"allow":["GET"]}}],"collection":[{"href":"https:\/\/gruposentsovi.com\/index.php\/wp-json\/wp\/v2\/product"}],"about":[{"href":"https:\/\/gruposentsovi.com\/index.php\/wp-json\/wp\/v2\/types\/product"}],"wp:featuredmedia":[{"embeddable":true,"href":"https:\/\/gruposentsovi.com\/index.php\/wp-json\/wp\/v2\/media\/2260"}],"wp:attachment":[{"href":"https:\/\/gruposentsovi.com\/index.php\/wp-json\/wp\/v2\/media?parent=2371"}],"wp:term":[{"taxonomy":"product_brand","embeddable":true,"href":"https:\/\/gruposentsovi.com\/index.php\/wp-json\/wp\/v2\/product_brand?post=2371"},{"taxonomy":"product_cat","embeddable":true,"href":"https:\/\/gruposentsovi.com\/index.php\/wp-json\/wp\/v2\/product_cat?post=2371"},{"taxonomy":"product_tag","embeddable":true,"href":"https:\/\/gruposentsovi.com\/index.php\/wp-json\/wp\/v2\/product_tag?post=2371"}],"curies":[{"name":"wp","href":"https:\/\/api.w.org\/{rel}","templated":true}]}}