{"id":2382,"date":"2024-02-21T20:01:03","date_gmt":"2024-02-22T02:01:03","guid":{"rendered":"https:\/\/gruposentsovi.com\/?post_type=product&#038;p=2382"},"modified":"2025-10-03T12:16:57","modified_gmt":"2025-10-03T18:16:57","slug":"aceite-de-oliva-arbequina","status":"publish","type":"product","link":"https:\/\/gruposentsovi.com\/index.php\/producto\/aceite-de-oliva-arbequina\/","title":{"rendered":"Aceite de oliva Arbequina"},"content":{"rendered":"<p data-start=\"213\" data-end=\"315\"><strong data-start=\"213\" data-end=\"313\">Aceite de Oliva Virgen Extra Arbequina deOrtegas: suavidad y frescura mediterr\u00e1nea en Costa Rica<\/strong><\/p>\n<p data-start=\"317\" data-end=\"697\">El <strong data-start=\"320\" data-end=\"343\">Arbequina deOrtegas<\/strong> es un <strong data-start=\"350\" data-end=\"395\">aceite de oliva virgen extra monovarietal<\/strong>, elaborado exclusivamente con aceitunas arbequinas de cosecha temprana. Reconocido por su suavidad, frescura y perfil arom\u00e1tico, ofrece un sabor delicado que equilibra notas de <strong data-start=\"573\" data-end=\"624\">frutas verdes, almendra y un ligero toque dulce<\/strong>, ideal para quienes buscan un aceite elegante y vers\u00e1til en su cocina.<\/p>\n<p data-start=\"699\" data-end=\"1087\">Producido con m\u00e9todos sostenibles y estrictos controles de calidad, este AOVE se caracteriza por su <strong data-start=\"799\" data-end=\"837\">acidez muy baja y alta estabilidad<\/strong>, lo que garantiza pureza y frescura en cada gota. Perfecto para realzar ensaladas, pescados, verduras a la plancha o simplemente degustar en pan artesanal, el Arbequina deOrtegas llega a Costa Rica como un referente de excelencia del Mediterr\u00e1neo.<\/p>\n","protected":false},"excerpt":{"rendered":"<h5>Deortegas<\/h5>\n<hr \/>\n<p><strong>Presentaci\u00f3n:<\/strong> 100ml \/ 500ml.<\/p>\n<p><strong>Variedades:<\/strong> 100% Arbequina.<\/p>\n<p><strong>Calidad:<\/strong> Aceite de oliva virgen extra ecol\u00f3gico.<\/p>\n<p><strong>Denominaci\u00f3n:<\/strong> DO Yecla.<\/p>\n<p><strong>Lo m\u00e1s destacado:<\/strong> Notas de zacate reci\u00e9n cortado. Picante al final y pasado un rato.<\/p>\n<p><strong>Maridaje:<\/strong> Salsas y arroces.<\/p>\n<p><strong>Extracci\u00f3n:<\/strong> En fr\u00edo por medios mec\u00e1nicos.<\/p>\n<p><strong>Acidez:<\/strong> 0,1% \u00c1cido oleico.<\/p>\n","protected":false},"featured_media":2485,"template":"","meta":{"_uag_custom_page_level_css":"","site-sidebar-layout":"default","site-content-layout":"default","ast-site-content-layout":"default","site-content-style":"default","site-sidebar-style":"default","ast-global-header-display":"","ast-banner-title-visibility":"","ast-main-header-display":"","ast-hfb-above-header-display":"","ast-hfb-below-header-display":"","ast-hfb-mobile-header-display":"","site-post-title":"","ast-breadcrumbs-content":"","ast-featured-img":"","footer-sml-layout":"","ast-disable-related-posts":"","theme-transparent-header-meta":"default","adv-header-id-meta":"","stick-header-meta":"","header-above-stick-meta":"","header-main-stick-meta":"","header-below-stick-meta":"","astra-migrate-meta-layouts":"set","ast-page-background-enabled":"default","ast-page-background-meta":{"desktop":{"background-color":"","background-image":"","background-repeat":"repeat","background-position":"center center","background-size":"auto","background-attachment":"scroll","background-type":"","background-media":"","overlay-type":"","overlay-color":"","overlay-opacity":"","overlay-gradient":""},"tablet":{"background-color":"","background-image":"","background-repeat":"repeat","background-position":"center center","background-size":"auto","background-attachment":"scroll","background-type":"","background-media":"","overlay-type":"","overlay-color":"","overlay-opacity":"","overlay-gradient":""},"mobile":{"background-color":"","background-image":"","background-repeat":"repeat","background-position":"center center","background-size":"auto","background-attachment":"scroll","background-type":"","background-media":"","overlay-type":"","overlay-color":"","overlay-opacity":"","overlay-gradient":""}},"ast-content-background-meta":{"desktop":{"background-color":"var(--ast-global-color-5)","background-image":"","background-repeat":"repeat","background-position":"center center","background-size":"auto","background-attachment":"scroll","background-type":"","background-media":"","overlay-type":"","overlay-color":"","overlay-opacity":"","overlay-gradient":""},"tablet":{"background-color":"var(--ast-global-color-5)","background-image":"","background-repeat":"repeat","background-position":"center center","background-size":"auto","background-attachment":"scroll","background-type":"","background-media":"","overlay-type":"","overlay-color":"","overlay-opacity":"","overlay-gradient":""},"mobile":{"background-color":"var(--ast-global-color-5)","background-image":"","background-repeat":"repeat","background-position":"center center","background-size":"auto","background-attachment":"scroll","background-type":"","background-media":"","overlay-type":"","overlay-color":"","overlay-opacity":"","overlay-gradient":""}},"_themeisle_gutenberg_block_has_review":false},"product_brand":[],"product_cat":[37,38],"product_tag":[],"class_list":{"0":"post-2382","1":"product","2":"type-product","3":"status-publish","4":"has-post-thumbnail","6":"product_cat-aceites-de-oliva","7":"product_cat-deortegas","8":"desktop-align-left","9":"tablet-align-left","10":"mobile-align-left","12":"first","13":"instock","14":"shipping-taxable","15":"product-type-simple"},"uagb_featured_image_src":{"full":["https:\/\/gruposentsovi.com\/wp-content\/uploads\/2024\/02\/34-min.png",1080,1080,false],"thumbnail":["https:\/\/gruposentsovi.com\/wp-content\/uploads\/2024\/02\/34-min-150x150.png",150,150,true],"medium":["https:\/\/gruposentsovi.com\/wp-content\/uploads\/2024\/02\/34-min-300x300.png",300,300,true],"medium_large":["https:\/\/gruposentsovi.com\/wp-content\/uploads\/2024\/02\/34-min-768x768.png",768,768,true],"large":["https:\/\/gruposentsovi.com\/wp-content\/uploads\/2024\/02\/34-min-1024x1024.png",1024,1024,true],"1536x1536":["https:\/\/gruposentsovi.com\/wp-content\/uploads\/2024\/02\/34-min.png",1080,1080,false],"2048x2048":["https:\/\/gruposentsovi.com\/wp-content\/uploads\/2024\/02\/34-min.png",1080,1080,false],"mailpoet_newsletter_max":["https:\/\/gruposentsovi.com\/wp-content\/uploads\/2024\/02\/34-min.png",1080,1080,false],"woocommerce_thumbnail":["https:\/\/gruposentsovi.com\/wp-content\/uploads\/2024\/02\/34-min-200x200.png",200,200,true],"woocommerce_single":["https:\/\/gruposentsovi.com\/wp-content\/uploads\/2024\/02\/34-min-600x600.png",600,600,true],"woocommerce_gallery_thumbnail":["https:\/\/gruposentsovi.com\/wp-content\/uploads\/2024\/02\/34-min-100x100.png",100,100,true]},"uagb_author_info":{"display_name":"noucamp13","author_link":"https:\/\/gruposentsovi.com\/index.php\/author\/"},"uagb_comment_info":0,"uagb_excerpt":"Deortegas Presentaci\u00f3n: 100ml \/ 500ml. Variedades: 100% Arbequina. Calidad: Aceite de oliva virgen extra ecol\u00f3gico. Denominaci\u00f3n: DO Yecla. Lo m\u00e1s destacado: Notas de zacate reci\u00e9n cortado. Picante al final y pasado un rato. Maridaje: Salsas y arroces. Extracci\u00f3n: En fr\u00edo por medios mec\u00e1nicos. Acidez: 0,1% \u00c1cido oleico.","_links":{"self":[{"href":"https:\/\/gruposentsovi.com\/index.php\/wp-json\/wp\/v2\/product\/2382","targetHints":{"allow":["GET"]}}],"collection":[{"href":"https:\/\/gruposentsovi.com\/index.php\/wp-json\/wp\/v2\/product"}],"about":[{"href":"https:\/\/gruposentsovi.com\/index.php\/wp-json\/wp\/v2\/types\/product"}],"wp:featuredmedia":[{"embeddable":true,"href":"https:\/\/gruposentsovi.com\/index.php\/wp-json\/wp\/v2\/media\/2485"}],"wp:attachment":[{"href":"https:\/\/gruposentsovi.com\/index.php\/wp-json\/wp\/v2\/media?parent=2382"}],"wp:term":[{"taxonomy":"product_brand","embeddable":true,"href":"https:\/\/gruposentsovi.com\/index.php\/wp-json\/wp\/v2\/product_brand?post=2382"},{"taxonomy":"product_cat","embeddable":true,"href":"https:\/\/gruposentsovi.com\/index.php\/wp-json\/wp\/v2\/product_cat?post=2382"},{"taxonomy":"product_tag","embeddable":true,"href":"https:\/\/gruposentsovi.com\/index.php\/wp-json\/wp\/v2\/product_tag?post=2382"}],"curies":[{"name":"wp","href":"https:\/\/api.w.org\/{rel}","templated":true}]}}