{"id":2491,"date":"2024-03-09T18:22:39","date_gmt":"2024-03-10T00:22:39","guid":{"rendered":"https:\/\/gruposentsovi.com\/?post_type=product&#038;p=2491"},"modified":"2025-10-03T12:10:38","modified_gmt":"2025-10-03T18:10:38","slug":"vinoteca-pure","status":"publish","type":"product","link":"https:\/\/gruposentsovi.com\/index.php\/producto\/vinoteca-pure\/","title":{"rendered":"Vinera Pure"},"content":{"rendered":"<p data-start=\"167\" data-end=\"255\"><strong data-start=\"167\" data-end=\"253\">EuroCave Pure: la vinera ecol\u00f3gica y silenciosa para conservar vinos en Costa Rica<\/strong><\/p>\n<p data-start=\"257\" data-end=\"579\">La <strong data-start=\"260\" data-end=\"284\">vinera EuroCave Pure<\/strong> es la opci\u00f3n perfecta para quienes desean una cava de alto rendimiento con <strong data-start=\"360\" data-end=\"417\">eficiencia energ\u00e9tica y respeto por el medio ambiente<\/strong>. Fabricada en Francia, est\u00e1 dise\u00f1ada para reproducir fielmente las condiciones de una bodega subterr\u00e1nea, asegurando que sus vinos maduren en un entorno ideal.<\/p>\n<p data-start=\"581\" data-end=\"952\">Su sistema de <strong data-start=\"595\" data-end=\"622\">bajo consumo energ\u00e9tico<\/strong>, unido a un funcionamiento <strong data-start=\"650\" data-end=\"692\">ultrasilencioso y libre de vibraciones<\/strong>, la convierten en una vinera discreta y elegante, perfecta tanto para hogares como para restaurantes en Costa Rica. Adem\u00e1s, incorpora <strong data-start=\"827\" data-end=\"875\">control electr\u00f3nico de temperatura y humedad<\/strong>, filtro de aire de carb\u00f3n activo y puertas con protecci\u00f3n contra rayos UV.<\/p>\n","protected":false},"excerpt":{"rendered":"<p class=\"p1\"><strong>Tama\u00f1os:<\/strong> <span class=\"s1\">S, M, L.<\/span><\/p>\n<p class=\"p2\"><strong><span class=\"s2\">Uso: <\/span><\/strong>Maduraci\u00f3n \/ servicio<\/p>\n<p class=\"p2\"><strong><span class=\"s2\">Tipo: <\/span><\/strong>1, 2 y 3 temperaturas y Multi-temperatura.<\/p>\n<p class=\"p3\"><strong><span class=\"s2\">Capacidad: <\/span><\/strong>50-230 botellas.<\/p>\n<p class=\"p1\"><strong>Aspectos generales:<\/strong><\/p>\n<p class=\"p2\">Sea su objetivo la maduraci\u00f3n o la puesta a temperatura de servicio de sus vinos, el modelo Pure le ofrece todas las ventajas t\u00e9cnicas de La Premiere pero con opciones altamente personalizables para puertas, bandejas e iluminaci\u00f3n interna.<\/p>\n<p class=\"p3\">Cuenta con 3 a\u00f1os de garant\u00eda de f\u00e1brica.<\/p>\n","protected":false},"featured_media":2518,"template":"","meta":{"_uag_custom_page_level_css":"","site-sidebar-layout":"default","site-content-layout":"default","ast-site-content-layout":"default","site-content-style":"default","site-sidebar-style":"default","ast-global-header-display":"","ast-banner-title-visibility":"","ast-main-header-display":"","ast-hfb-above-header-display":"","ast-hfb-below-header-display":"","ast-hfb-mobile-header-display":"","site-post-title":"","ast-breadcrumbs-content":"","ast-featured-img":"","footer-sml-layout":"","ast-disable-related-posts":"","theme-transparent-header-meta":"default","adv-header-id-meta":"","stick-header-meta":"","header-above-stick-meta":"","header-main-stick-meta":"","header-below-stick-meta":"","astra-migrate-meta-layouts":"set","ast-page-background-enabled":"default","ast-page-background-meta":{"desktop":{"background-color":"","background-image":"","background-repeat":"repeat","background-position":"center center","background-size":"auto","background-attachment":"scroll","background-type":"","background-media":"","overlay-type":"","overlay-color":"","overlay-opacity":"","overlay-gradient":""},"tablet":{"background-color":"","background-image":"","background-repeat":"repeat","background-position":"center center","background-size":"auto","background-attachment":"scroll","background-type":"","background-media":"","overlay-type":"","overlay-color":"","overlay-opacity":"","overlay-gradient":""},"mobile":{"background-color":"","background-image":"","background-repeat":"repeat","background-position":"center center","background-size":"auto","background-attachment":"scroll","background-type":"","background-media":"","overlay-type":"","overlay-color":"","overlay-opacity":"","overlay-gradient":""}},"ast-content-background-meta":{"desktop":{"background-color":"var(--ast-global-color-5)","background-image":"","background-repeat":"repeat","background-position":"center center","background-size":"auto","background-attachment":"scroll","background-type":"","background-media":"","overlay-type":"","overlay-color":"","overlay-opacity":"","overlay-gradient":""},"tablet":{"background-color":"var(--ast-global-color-5)","background-image":"","background-repeat":"repeat","background-position":"center center","background-size":"auto","background-attachment":"scroll","background-type":"","background-media":"","overlay-type":"","overlay-color":"","overlay-opacity":"","overlay-gradient":""},"mobile":{"background-color":"var(--ast-global-color-5)","background-image":"","background-repeat":"repeat","background-position":"center center","background-size":"auto","background-attachment":"scroll","background-type":"","background-media":"","overlay-type":"","overlay-color":"","overlay-opacity":"","overlay-gradient":""}},"_themeisle_gutenberg_block_has_review":false},"product_brand":[],"product_cat":[40,44,52],"product_tag":[],"class_list":{"0":"post-2491","1":"product","2":"type-product","3":"status-publish","4":"has-post-thumbnail","6":"product_cat-eurocave","7":"product_cat-vinotecas","8":"product_cat-vinotecas-para-estancias","9":"desktop-align-left","10":"tablet-align-left","11":"mobile-align-left","13":"first","14":"instock","15":"shipping-taxable","16":"product-type-simple"},"uagb_featured_image_src":{"full":["https:\/\/gruposentsovi.com\/wp-content\/uploads\/2024\/03\/45-min.png",1080,1080,false],"thumbnail":["https:\/\/gruposentsovi.com\/wp-content\/uploads\/2024\/03\/45-min-150x150.png",150,150,true],"medium":["https:\/\/gruposentsovi.com\/wp-content\/uploads\/2024\/03\/45-min-300x300.png",300,300,true],"medium_large":["https:\/\/gruposentsovi.com\/wp-content\/uploads\/2024\/03\/45-min-768x768.png",768,768,true],"large":["https:\/\/gruposentsovi.com\/wp-content\/uploads\/2024\/03\/45-min-1024x1024.png",1024,1024,true],"1536x1536":["https:\/\/gruposentsovi.com\/wp-content\/uploads\/2024\/03\/45-min.png",1080,1080,false],"2048x2048":["https:\/\/gruposentsovi.com\/wp-content\/uploads\/2024\/03\/45-min.png",1080,1080,false],"mailpoet_newsletter_max":["https:\/\/gruposentsovi.com\/wp-content\/uploads\/2024\/03\/45-min.png",1080,1080,false],"woocommerce_thumbnail":["https:\/\/gruposentsovi.com\/wp-content\/uploads\/2024\/03\/45-min-200x200.png",200,200,true],"woocommerce_single":["https:\/\/gruposentsovi.com\/wp-content\/uploads\/2024\/03\/45-min-600x600.png",600,600,true],"woocommerce_gallery_thumbnail":["https:\/\/gruposentsovi.com\/wp-content\/uploads\/2024\/03\/45-min-100x100.png",100,100,true]},"uagb_author_info":{"display_name":"noucamp13","author_link":"https:\/\/gruposentsovi.com\/index.php\/author\/"},"uagb_comment_info":0,"uagb_excerpt":"Tama\u00f1os: S, M, L. Uso: Maduraci\u00f3n \/ servicio Tipo: 1, 2 y 3 temperaturas y Multi-temperatura. Capacidad: 50-230 botellas. Aspectos generales: Sea su objetivo la maduraci\u00f3n o la puesta a temperatura de servicio de sus vinos, el modelo Pure le ofrece todas las ventajas t\u00e9cnicas de La Premiere pero con opciones altamente personalizables para puertas,&hellip;","_links":{"self":[{"href":"https:\/\/gruposentsovi.com\/index.php\/wp-json\/wp\/v2\/product\/2491","targetHints":{"allow":["GET"]}}],"collection":[{"href":"https:\/\/gruposentsovi.com\/index.php\/wp-json\/wp\/v2\/product"}],"about":[{"href":"https:\/\/gruposentsovi.com\/index.php\/wp-json\/wp\/v2\/types\/product"}],"wp:featuredmedia":[{"embeddable":true,"href":"https:\/\/gruposentsovi.com\/index.php\/wp-json\/wp\/v2\/media\/2518"}],"wp:attachment":[{"href":"https:\/\/gruposentsovi.com\/index.php\/wp-json\/wp\/v2\/media?parent=2491"}],"wp:term":[{"taxonomy":"product_brand","embeddable":true,"href":"https:\/\/gruposentsovi.com\/index.php\/wp-json\/wp\/v2\/product_brand?post=2491"},{"taxonomy":"product_cat","embeddable":true,"href":"https:\/\/gruposentsovi.com\/index.php\/wp-json\/wp\/v2\/product_cat?post=2491"},{"taxonomy":"product_tag","embeddable":true,"href":"https:\/\/gruposentsovi.com\/index.php\/wp-json\/wp\/v2\/product_tag?post=2491"}],"curies":[{"name":"wp","href":"https:\/\/api.w.org\/{rel}","templated":true}]}}