{"id":2493,"date":"2024-03-09T18:25:36","date_gmt":"2024-03-10T00:25:36","guid":{"rendered":"https:\/\/gruposentsovi.com\/?post_type=product&#038;p=2493"},"modified":"2025-10-03T12:09:21","modified_gmt":"2025-10-03T18:09:21","slug":"vinoteca-royale","status":"publish","type":"product","link":"https:\/\/gruposentsovi.com\/index.php\/producto\/vinoteca-royale\/","title":{"rendered":"Vinera Royale"},"content":{"rendered":"<p data-start=\"214\" data-end=\"292\"><strong data-start=\"214\" data-end=\"290\">EuroCave Royale: la vinera m\u00e1s prestigiosa del mundo ahora en Costa Rica<\/strong><\/p>\n<p data-start=\"294\" data-end=\"616\">La <strong data-start=\"297\" data-end=\"323\">vinera EuroCave Royale<\/strong> es el pin\u00e1culo del arte de conservar vinos. Creada en Francia con est\u00e1ndares de excelencia inigualables, esta cava es la primera en ofrecer una <strong data-start=\"468\" data-end=\"534\">estabilidad absoluta de temperatura, humedad y pureza del aire<\/strong>, replicando de manera exacta las condiciones de una bodega natural subterr\u00e1nea.<\/p>\n<p data-start=\"618\" data-end=\"1034\">Cada detalle ha sido pensado para garantizar que sus vinos alcancen su m\u00e1ximo potencial de guarda: <strong data-start=\"717\" data-end=\"865\">puertas con aislamiento de alta densidad, control autom\u00e1tico de humedad, filtraci\u00f3n de aire con sistema Pure Air y repisas de madera ergon\u00f3micas<\/strong>. Su dise\u00f1o elegante, con acabados de lujo y tecnolog\u00eda de vanguardia, la convierten en la vinera definitiva para coleccionistas y conocedores exigentes en Costa Rica.<\/p>\n","protected":false},"excerpt":{"rendered":"<p class=\"p1\"><strong><span class=\"s1\">Tama\u00f1os: <\/span><\/strong>L \u00fanicamente.<\/p>\n<p class=\"p1\"><span class=\"s1\"><strong>Uso:<\/strong> <\/span>Maduraci\u00f3n \/ servicio.<\/p>\n<p class=\"p1\"><strong><span class=\"s1\">Tipo: <\/span><\/strong>Temperatura \u00fanica.<\/p>\n<p class=\"p1\"><span class=\"s1\"><strong>Capacidad:<\/strong> <\/span>hasta 124 botellas.<\/p>\n<p class=\"p2\"><strong>Aspectos generales:<\/strong><\/p>\n<p class=\"p1\">Soluciones de vanguardia para un rendimiento optimizado: puerta de vidrio completa con protecci\u00f3n del 99% contra los rayos UV, un filtro tejido patentado para controlar la calidad del aire y vibraciones externas absorbidas por la estructura real del cuerpo del armario y un compresor de velocidad variable.<\/p>\n<p class=\"p3\">Ruido extremadamente bajo de 34 db(A) y un menor consumo de energ\u00eda (Clase E).<\/p>\n","protected":false},"featured_media":2524,"template":"","meta":{"_uag_custom_page_level_css":"","site-sidebar-layout":"default","site-content-layout":"default","ast-site-content-layout":"default","site-content-style":"default","site-sidebar-style":"default","ast-global-header-display":"","ast-banner-title-visibility":"","ast-main-header-display":"","ast-hfb-above-header-display":"","ast-hfb-below-header-display":"","ast-hfb-mobile-header-display":"","site-post-title":"","ast-breadcrumbs-content":"","ast-featured-img":"","footer-sml-layout":"","ast-disable-related-posts":"","theme-transparent-header-meta":"default","adv-header-id-meta":"","stick-header-meta":"","header-above-stick-meta":"","header-main-stick-meta":"","header-below-stick-meta":"","astra-migrate-meta-layouts":"set","ast-page-background-enabled":"default","ast-page-background-meta":{"desktop":{"background-color":"","background-image":"","background-repeat":"repeat","background-position":"center center","background-size":"auto","background-attachment":"scroll","background-type":"","background-media":"","overlay-type":"","overlay-color":"","overlay-opacity":"","overlay-gradient":""},"tablet":{"background-color":"","background-image":"","background-repeat":"repeat","background-position":"center center","background-size":"auto","background-attachment":"scroll","background-type":"","background-media":"","overlay-type":"","overlay-color":"","overlay-opacity":"","overlay-gradient":""},"mobile":{"background-color":"","background-image":"","background-repeat":"repeat","background-position":"center center","background-size":"auto","background-attachment":"scroll","background-type":"","background-media":"","overlay-type":"","overlay-color":"","overlay-opacity":"","overlay-gradient":""}},"ast-content-background-meta":{"desktop":{"background-color":"var(--ast-global-color-5)","background-image":"","background-repeat":"repeat","background-position":"center center","background-size":"auto","background-attachment":"scroll","background-type":"","background-media":"","overlay-type":"","overlay-color":"","overlay-opacity":"","overlay-gradient":""},"tablet":{"background-color":"var(--ast-global-color-5)","background-image":"","background-repeat":"repeat","background-position":"center center","background-size":"auto","background-attachment":"scroll","background-type":"","background-media":"","overlay-type":"","overlay-color":"","overlay-opacity":"","overlay-gradient":""},"mobile":{"background-color":"var(--ast-global-color-5)","background-image":"","background-repeat":"repeat","background-position":"center center","background-size":"auto","background-attachment":"scroll","background-type":"","background-media":"","overlay-type":"","overlay-color":"","overlay-opacity":"","overlay-gradient":""}},"_themeisle_gutenberg_block_has_review":false},"product_brand":[],"product_cat":[40,44,52],"product_tag":[],"class_list":{"0":"post-2493","1":"product","2":"type-product","3":"status-publish","4":"has-post-thumbnail","6":"product_cat-eurocave","7":"product_cat-vinotecas","8":"product_cat-vinotecas-para-estancias","9":"desktop-align-left","10":"tablet-align-left","11":"mobile-align-left","13":"first","14":"instock","15":"shipping-taxable","16":"product-type-simple"},"uagb_featured_image_src":{"full":["https:\/\/gruposentsovi.com\/wp-content\/uploads\/2024\/03\/39-min.png",1080,1080,false],"thumbnail":["https:\/\/gruposentsovi.com\/wp-content\/uploads\/2024\/03\/39-min-150x150.png",150,150,true],"medium":["https:\/\/gruposentsovi.com\/wp-content\/uploads\/2024\/03\/39-min-300x300.png",300,300,true],"medium_large":["https:\/\/gruposentsovi.com\/wp-content\/uploads\/2024\/03\/39-min-768x768.png",768,768,true],"large":["https:\/\/gruposentsovi.com\/wp-content\/uploads\/2024\/03\/39-min-1024x1024.png",1024,1024,true],"1536x1536":["https:\/\/gruposentsovi.com\/wp-content\/uploads\/2024\/03\/39-min.png",1080,1080,false],"2048x2048":["https:\/\/gruposentsovi.com\/wp-content\/uploads\/2024\/03\/39-min.png",1080,1080,false],"mailpoet_newsletter_max":["https:\/\/gruposentsovi.com\/wp-content\/uploads\/2024\/03\/39-min.png",1080,1080,false],"woocommerce_thumbnail":["https:\/\/gruposentsovi.com\/wp-content\/uploads\/2024\/03\/39-min-200x200.png",200,200,true],"woocommerce_single":["https:\/\/gruposentsovi.com\/wp-content\/uploads\/2024\/03\/39-min-600x600.png",600,600,true],"woocommerce_gallery_thumbnail":["https:\/\/gruposentsovi.com\/wp-content\/uploads\/2024\/03\/39-min-100x100.png",100,100,true]},"uagb_author_info":{"display_name":"noucamp13","author_link":"https:\/\/gruposentsovi.com\/index.php\/author\/"},"uagb_comment_info":0,"uagb_excerpt":"Tama\u00f1os: L \u00fanicamente. Uso: Maduraci\u00f3n \/ servicio. Tipo: Temperatura \u00fanica. Capacidad: hasta 124 botellas. Aspectos generales: Soluciones de vanguardia para un rendimiento optimizado: puerta de vidrio completa con protecci\u00f3n del 99% contra los rayos UV, un filtro tejido patentado para controlar la calidad del aire y vibraciones externas absorbidas por la estructura real del cuerpo&hellip;","_links":{"self":[{"href":"https:\/\/gruposentsovi.com\/index.php\/wp-json\/wp\/v2\/product\/2493","targetHints":{"allow":["GET"]}}],"collection":[{"href":"https:\/\/gruposentsovi.com\/index.php\/wp-json\/wp\/v2\/product"}],"about":[{"href":"https:\/\/gruposentsovi.com\/index.php\/wp-json\/wp\/v2\/types\/product"}],"wp:featuredmedia":[{"embeddable":true,"href":"https:\/\/gruposentsovi.com\/index.php\/wp-json\/wp\/v2\/media\/2524"}],"wp:attachment":[{"href":"https:\/\/gruposentsovi.com\/index.php\/wp-json\/wp\/v2\/media?parent=2493"}],"wp:term":[{"taxonomy":"product_brand","embeddable":true,"href":"https:\/\/gruposentsovi.com\/index.php\/wp-json\/wp\/v2\/product_brand?post=2493"},{"taxonomy":"product_cat","embeddable":true,"href":"https:\/\/gruposentsovi.com\/index.php\/wp-json\/wp\/v2\/product_cat?post=2493"},{"taxonomy":"product_tag","embeddable":true,"href":"https:\/\/gruposentsovi.com\/index.php\/wp-json\/wp\/v2\/product_tag?post=2493"}],"curies":[{"name":"wp","href":"https:\/\/api.w.org\/{rel}","templated":true}]}}