{"id":2494,"date":"2024-03-09T18:26:23","date_gmt":"2024-03-10T00:26:23","guid":{"rendered":"https:\/\/gruposentsovi.com\/?post_type=product&#038;p=2494"},"modified":"2025-10-03T12:08:21","modified_gmt":"2025-10-03T18:08:21","slug":"vinoteca-compact","status":"publish","type":"product","link":"https:\/\/gruposentsovi.com\/index.php\/producto\/vinoteca-compact\/","title":{"rendered":"Vinera Compact"},"content":{"rendered":"<p data-start=\"219\" data-end=\"294\"><strong data-start=\"219\" data-end=\"292\">Vinera EuroCave: la excelencia en conservaci\u00f3n de vinos en Costa Rica<\/strong><\/p>\n<p data-start=\"286\" data-end=\"672\">La <strong data-start=\"289\" data-end=\"316\">vinera EuroCave Compact<\/strong> es la opci\u00f3n ideal para quienes buscan <strong data-start=\"356\" data-end=\"425\">conservar y disfrutar su colecci\u00f3n de vinos en espacios reducidos<\/strong> sin sacrificar calidad. Fabricada en Francia con la innovaci\u00f3n caracter\u00edstica de EuroCave, este modelo combina <strong data-start=\"537\" data-end=\"577\">tecnolog\u00eda de climatizaci\u00f3n avanzada<\/strong> con un formato m\u00e1s compacto y adaptable a cualquier cocina, bar o apartamento en Costa Rica.<\/p>\n<p data-start=\"674\" data-end=\"971\">Su <strong data-start=\"677\" data-end=\"725\">control electr\u00f3nico de temperatura y humedad<\/strong> mantiene cada botella en condiciones \u00f3ptimas de guarda, evitando alteraciones en el corcho y preservando aromas y sabores. Adem\u00e1s, su dise\u00f1o elegante con puertas de vidrio tratadas contra rayos UV ofrece protecci\u00f3n y estilo en un mismo equipo.<\/p>\n","protected":false},"excerpt":{"rendered":"<p class=\"p1\"><strong>Tama\u00f1os:<\/strong> <span class=\"s1\">S y L.<\/span><\/p>\n<p class=\"p2\"><strong><span class=\"s2\">Uso: <\/span><\/strong>Maduraci\u00f3n \/ servicio.<\/p>\n<p class=\"p2\"><strong><span class=\"s2\">Tipo: <\/span><\/strong>Temperatura \u00fanica y Multi-temperatura.<\/p>\n<p class=\"p2\"><strong><span class=\"s2\">Capacidad: <\/span><\/strong>36-167 botellas.<\/p>\n<p class=\"p1\"><strong>Aspectos generales:<\/strong><\/p>\n<p class=\"p2\">La colecci\u00f3n Compact se integra f\u00e1cilmente en su cocina, ya que sus dimensiones han sido pensadas por dise\u00f1adores de cocinas. Se exponen con su puerta acristalada, o desaparecen tras una puerta a juego con los elementos de su cocina para un dise\u00f1o minimalista.<\/p>\n","protected":false},"featured_media":2526,"template":"","meta":{"_uag_custom_page_level_css":"","site-sidebar-layout":"default","site-content-layout":"default","ast-site-content-layout":"default","site-content-style":"default","site-sidebar-style":"default","ast-global-header-display":"","ast-banner-title-visibility":"","ast-main-header-display":"","ast-hfb-above-header-display":"","ast-hfb-below-header-display":"","ast-hfb-mobile-header-display":"","site-post-title":"","ast-breadcrumbs-content":"","ast-featured-img":"","footer-sml-layout":"","ast-disable-related-posts":"","theme-transparent-header-meta":"default","adv-header-id-meta":"","stick-header-meta":"","header-above-stick-meta":"","header-main-stick-meta":"","header-below-stick-meta":"","astra-migrate-meta-layouts":"set","ast-page-background-enabled":"default","ast-page-background-meta":{"desktop":{"background-color":"","background-image":"","background-repeat":"repeat","background-position":"center center","background-size":"auto","background-attachment":"scroll","background-type":"","background-media":"","overlay-type":"","overlay-color":"","overlay-opacity":"","overlay-gradient":""},"tablet":{"background-color":"","background-image":"","background-repeat":"repeat","background-position":"center center","background-size":"auto","background-attachment":"scroll","background-type":"","background-media":"","overlay-type":"","overlay-color":"","overlay-opacity":"","overlay-gradient":""},"mobile":{"background-color":"","background-image":"","background-repeat":"repeat","background-position":"center center","background-size":"auto","background-attachment":"scroll","background-type":"","background-media":"","overlay-type":"","overlay-color":"","overlay-opacity":"","overlay-gradient":""}},"ast-content-background-meta":{"desktop":{"background-color":"var(--ast-global-color-5)","background-image":"","background-repeat":"repeat","background-position":"center center","background-size":"auto","background-attachment":"scroll","background-type":"","background-media":"","overlay-type":"","overlay-color":"","overlay-opacity":"","overlay-gradient":""},"tablet":{"background-color":"var(--ast-global-color-5)","background-image":"","background-repeat":"repeat","background-position":"center center","background-size":"auto","background-attachment":"scroll","background-type":"","background-media":"","overlay-type":"","overlay-color":"","overlay-opacity":"","overlay-gradient":""},"mobile":{"background-color":"var(--ast-global-color-5)","background-image":"","background-repeat":"repeat","background-position":"center center","background-size":"auto","background-attachment":"scroll","background-type":"","background-media":"","overlay-type":"","overlay-color":"","overlay-opacity":"","overlay-gradient":""}},"_themeisle_gutenberg_block_has_review":false},"product_brand":[],"product_cat":[40,44,53],"product_tag":[],"class_list":{"0":"post-2494","1":"product","2":"type-product","3":"status-publish","4":"has-post-thumbnail","6":"product_cat-eurocave","7":"product_cat-vinotecas","8":"product_cat-vinotecas-empotrables","9":"desktop-align-left","10":"tablet-align-left","11":"mobile-align-left","13":"first","14":"instock","15":"shipping-taxable","16":"product-type-simple"},"uagb_featured_image_src":{"full":["https:\/\/gruposentsovi.com\/wp-content\/uploads\/2024\/03\/52-min.png",1080,1080,false],"thumbnail":["https:\/\/gruposentsovi.com\/wp-content\/uploads\/2024\/03\/52-min-150x150.png",150,150,true],"medium":["https:\/\/gruposentsovi.com\/wp-content\/uploads\/2024\/03\/52-min-300x300.png",300,300,true],"medium_large":["https:\/\/gruposentsovi.com\/wp-content\/uploads\/2024\/03\/52-min-768x768.png",768,768,true],"large":["https:\/\/gruposentsovi.com\/wp-content\/uploads\/2024\/03\/52-min-1024x1024.png",1024,1024,true],"1536x1536":["https:\/\/gruposentsovi.com\/wp-content\/uploads\/2024\/03\/52-min.png",1080,1080,false],"2048x2048":["https:\/\/gruposentsovi.com\/wp-content\/uploads\/2024\/03\/52-min.png",1080,1080,false],"mailpoet_newsletter_max":["https:\/\/gruposentsovi.com\/wp-content\/uploads\/2024\/03\/52-min.png",1080,1080,false],"woocommerce_thumbnail":["https:\/\/gruposentsovi.com\/wp-content\/uploads\/2024\/03\/52-min-200x200.png",200,200,true],"woocommerce_single":["https:\/\/gruposentsovi.com\/wp-content\/uploads\/2024\/03\/52-min-600x600.png",600,600,true],"woocommerce_gallery_thumbnail":["https:\/\/gruposentsovi.com\/wp-content\/uploads\/2024\/03\/52-min-100x100.png",100,100,true]},"uagb_author_info":{"display_name":"noucamp13","author_link":"https:\/\/gruposentsovi.com\/index.php\/author\/"},"uagb_comment_info":0,"uagb_excerpt":"Tama\u00f1os: S y L. Uso: Maduraci\u00f3n \/ servicio. Tipo: Temperatura \u00fanica y Multi-temperatura. Capacidad: 36-167 botellas. Aspectos generales: La colecci\u00f3n Compact se integra f\u00e1cilmente en su cocina, ya que sus dimensiones han sido pensadas por dise\u00f1adores de cocinas. Se exponen con su puerta acristalada, o desaparecen tras una puerta a juego con los elementos de&hellip;","_links":{"self":[{"href":"https:\/\/gruposentsovi.com\/index.php\/wp-json\/wp\/v2\/product\/2494","targetHints":{"allow":["GET"]}}],"collection":[{"href":"https:\/\/gruposentsovi.com\/index.php\/wp-json\/wp\/v2\/product"}],"about":[{"href":"https:\/\/gruposentsovi.com\/index.php\/wp-json\/wp\/v2\/types\/product"}],"wp:featuredmedia":[{"embeddable":true,"href":"https:\/\/gruposentsovi.com\/index.php\/wp-json\/wp\/v2\/media\/2526"}],"wp:attachment":[{"href":"https:\/\/gruposentsovi.com\/index.php\/wp-json\/wp\/v2\/media?parent=2494"}],"wp:term":[{"taxonomy":"product_brand","embeddable":true,"href":"https:\/\/gruposentsovi.com\/index.php\/wp-json\/wp\/v2\/product_brand?post=2494"},{"taxonomy":"product_cat","embeddable":true,"href":"https:\/\/gruposentsovi.com\/index.php\/wp-json\/wp\/v2\/product_cat?post=2494"},{"taxonomy":"product_tag","embeddable":true,"href":"https:\/\/gruposentsovi.com\/index.php\/wp-json\/wp\/v2\/product_tag?post=2494"}],"curies":[{"name":"wp","href":"https:\/\/api.w.org\/{rel}","templated":true}]}}