{"id":2575,"date":"2024-03-24T18:15:10","date_gmt":"2024-03-25T00:15:10","guid":{"rendered":"https:\/\/gruposentsovi.com\/?post_type=product&#038;p=2575"},"modified":"2025-10-03T12:13:15","modified_gmt":"2025-10-03T18:13:15","slug":"modulotheque","status":"publish","type":"product","link":"https:\/\/gruposentsovi.com\/index.php\/producto\/modulotheque\/","title":{"rendered":"Moduloth\u00e8que"},"content":{"rendered":"<p data-start=\"178\" data-end=\"259\"><strong data-start=\"178\" data-end=\"257\">EuroCave Moduloth\u00e8que: elegancia y modularidad para su bodega en Costa Rica<\/strong><\/p>\n<p data-start=\"261\" data-end=\"689\">La <strong data-start=\"264\" data-end=\"289\">EuroCave Moduloth\u00e8que<\/strong> es el sistema m\u00e1s vers\u00e1til y sofisticado de la marca francesa para dise\u00f1ar una <strong data-start=\"369\" data-end=\"388\">bodega a medida<\/strong>. Fabricada en madera maciza, ofrece una est\u00e9tica c\u00e1lida y refinada que se integra perfectamente en hogares, restaurantes y hoteles en Costa Rica. Su dise\u00f1o modular permite crear configuraciones personalizadas que evolucionan con su colecci\u00f3n de vinos, garantizando tanto belleza como funcionalidad.<\/p>\n<p data-start=\"691\" data-end=\"993\">Con m\u00faltiples opciones de repisas, cajones y m\u00f3dulos, la Moduloth\u00e8que asegura una <strong data-start=\"773\" data-end=\"812\">organizaci\u00f3n ergon\u00f3mica y eficiente<\/strong> de cada botella. Adem\u00e1s, su solidez estructural y acabados de alta calidad la convierten en una inversi\u00f3n duradera, ideal para proyectos de interiorismo y espacios de alto nivel.<\/p>\n","protected":false},"excerpt":{"rendered":"<p class=\"p1\"><strong><span class=\"s1\">Tama\u00f1os: <\/span><\/strong>Diferentes tipos y tama\u00f1os de m\u00f3dulos.<\/p>\n<p class=\"p1\"><strong><span class=\"s1\">Uso: <\/span><\/strong>Almacenamiento.<\/p>\n<p class=\"p1\"><strong><span class=\"s1\">Tipo: <\/span><\/strong>Racks en madera de roble.<\/p>\n<p class=\"p2\"><strong>Capacidad:<\/strong> <span class=\"s2\">Ilimitada.<\/span><\/p>\n<p class=\"p2\"><strong>Aspectos generales:<\/strong><\/p>\n<p class=\"p1\">Nuestra unidad de roble macizo, ofrece infinitas posibilidades de dise\u00f1o y se adapta a las restricciones de espacio de la habitaci\u00f3n. Personaliza la organizaci\u00f3n del almacenamiento de tu bodega con las numerosas repisas, exhibidores y compartimentos para botellas disponibles.<\/p>\n","protected":false},"featured_media":2577,"template":"","meta":{"_uag_custom_page_level_css":"","site-sidebar-layout":"default","site-content-layout":"default","ast-site-content-layout":"default","site-content-style":"default","site-sidebar-style":"default","ast-global-header-display":"","ast-banner-title-visibility":"","ast-main-header-display":"","ast-hfb-above-header-display":"","ast-hfb-below-header-display":"","ast-hfb-mobile-header-display":"","site-post-title":"","ast-breadcrumbs-content":"","ast-featured-img":"","footer-sml-layout":"","ast-disable-related-posts":"","theme-transparent-header-meta":"default","adv-header-id-meta":"","stick-header-meta":"","header-above-stick-meta":"","header-main-stick-meta":"","header-below-stick-meta":"","astra-migrate-meta-layouts":"set","ast-page-background-enabled":"default","ast-page-background-meta":{"desktop":{"background-color":"","background-image":"","background-repeat":"repeat","background-position":"center center","background-size":"auto","background-attachment":"scroll","background-type":"","background-media":"","overlay-type":"","overlay-color":"","overlay-opacity":"","overlay-gradient":""},"tablet":{"background-color":"","background-image":"","background-repeat":"repeat","background-position":"center center","background-size":"auto","background-attachment":"scroll","background-type":"","background-media":"","overlay-type":"","overlay-color":"","overlay-opacity":"","overlay-gradient":""},"mobile":{"background-color":"","background-image":"","background-repeat":"repeat","background-position":"center center","background-size":"auto","background-attachment":"scroll","background-type":"","background-media":"","overlay-type":"","overlay-color":"","overlay-opacity":"","overlay-gradient":""}},"ast-content-background-meta":{"desktop":{"background-color":"var(--ast-global-color-5)","background-image":"","background-repeat":"repeat","background-position":"center center","background-size":"auto","background-attachment":"scroll","background-type":"","background-media":"","overlay-type":"","overlay-color":"","overlay-opacity":"","overlay-gradient":""},"tablet":{"background-color":"var(--ast-global-color-5)","background-image":"","background-repeat":"repeat","background-position":"center center","background-size":"auto","background-attachment":"scroll","background-type":"","background-media":"","overlay-type":"","overlay-color":"","overlay-opacity":"","overlay-gradient":""},"mobile":{"background-color":"var(--ast-global-color-5)","background-image":"","background-repeat":"repeat","background-position":"center center","background-size":"auto","background-attachment":"scroll","background-type":"","background-media":"","overlay-type":"","overlay-color":"","overlay-opacity":"","overlay-gradient":""}},"_themeisle_gutenberg_block_has_review":false},"product_brand":[],"product_cat":[40,52],"product_tag":[],"class_list":{"0":"post-2575","1":"product","2":"type-product","3":"status-publish","4":"has-post-thumbnail","6":"product_cat-eurocave","7":"product_cat-vinotecas-para-estancias","8":"desktop-align-left","9":"tablet-align-left","10":"mobile-align-left","12":"first","13":"instock","14":"shipping-taxable","15":"product-type-simple"},"uagb_featured_image_src":{"full":["https:\/\/gruposentsovi.com\/wp-content\/uploads\/2024\/03\/66-min.png",1080,1080,false],"thumbnail":["https:\/\/gruposentsovi.com\/wp-content\/uploads\/2024\/03\/66-min-150x150.png",150,150,true],"medium":["https:\/\/gruposentsovi.com\/wp-content\/uploads\/2024\/03\/66-min-300x300.png",300,300,true],"medium_large":["https:\/\/gruposentsovi.com\/wp-content\/uploads\/2024\/03\/66-min-768x768.png",768,768,true],"large":["https:\/\/gruposentsovi.com\/wp-content\/uploads\/2024\/03\/66-min-1024x1024.png",1024,1024,true],"1536x1536":["https:\/\/gruposentsovi.com\/wp-content\/uploads\/2024\/03\/66-min.png",1080,1080,false],"2048x2048":["https:\/\/gruposentsovi.com\/wp-content\/uploads\/2024\/03\/66-min.png",1080,1080,false],"mailpoet_newsletter_max":["https:\/\/gruposentsovi.com\/wp-content\/uploads\/2024\/03\/66-min.png",1080,1080,false],"woocommerce_thumbnail":["https:\/\/gruposentsovi.com\/wp-content\/uploads\/2024\/03\/66-min-200x200.png",200,200,true],"woocommerce_single":["https:\/\/gruposentsovi.com\/wp-content\/uploads\/2024\/03\/66-min-600x600.png",600,600,true],"woocommerce_gallery_thumbnail":["https:\/\/gruposentsovi.com\/wp-content\/uploads\/2024\/03\/66-min-100x100.png",100,100,true]},"uagb_author_info":{"display_name":"noucamp13","author_link":"https:\/\/gruposentsovi.com\/index.php\/author\/"},"uagb_comment_info":0,"uagb_excerpt":"Tama\u00f1os: Diferentes tipos y tama\u00f1os de m\u00f3dulos. Uso: Almacenamiento. Tipo: Racks en madera de roble. Capacidad: Ilimitada. Aspectos generales: Nuestra unidad de roble macizo, ofrece infinitas posibilidades de dise\u00f1o y se adapta a las restricciones de espacio de la habitaci\u00f3n. Personaliza la organizaci\u00f3n del almacenamiento de tu bodega con las numerosas repisas, exhibidores y compartimentos&hellip;","_links":{"self":[{"href":"https:\/\/gruposentsovi.com\/index.php\/wp-json\/wp\/v2\/product\/2575","targetHints":{"allow":["GET"]}}],"collection":[{"href":"https:\/\/gruposentsovi.com\/index.php\/wp-json\/wp\/v2\/product"}],"about":[{"href":"https:\/\/gruposentsovi.com\/index.php\/wp-json\/wp\/v2\/types\/product"}],"wp:featuredmedia":[{"embeddable":true,"href":"https:\/\/gruposentsovi.com\/index.php\/wp-json\/wp\/v2\/media\/2577"}],"wp:attachment":[{"href":"https:\/\/gruposentsovi.com\/index.php\/wp-json\/wp\/v2\/media?parent=2575"}],"wp:term":[{"taxonomy":"product_brand","embeddable":true,"href":"https:\/\/gruposentsovi.com\/index.php\/wp-json\/wp\/v2\/product_brand?post=2575"},{"taxonomy":"product_cat","embeddable":true,"href":"https:\/\/gruposentsovi.com\/index.php\/wp-json\/wp\/v2\/product_cat?post=2575"},{"taxonomy":"product_tag","embeddable":true,"href":"https:\/\/gruposentsovi.com\/index.php\/wp-json\/wp\/v2\/product_tag?post=2575"}],"curies":[{"name":"wp","href":"https:\/\/api.w.org\/{rel}","templated":true}]}}