{"id":2600,"date":"2024-03-24T18:42:41","date_gmt":"2024-03-25T00:42:41","guid":{"rendered":"https:\/\/gruposentsovi.com\/?post_type=product&#038;p=2600"},"modified":"2025-10-03T12:14:08","modified_gmt":"2025-10-03T18:14:08","slug":"acondicionador-tahoma","status":"publish","type":"product","link":"https:\/\/gruposentsovi.com\/index.php\/producto\/acondicionador-tahoma\/","title":{"rendered":"Acondicionador Tahoma"},"content":{"rendered":"<p data-start=\"218\" data-end=\"324\"><strong data-start=\"218\" data-end=\"322\">EuroCave Tahoma: el acondicionador que convierte cualquier espacio en una bodega ideal en Costa Rica<\/strong><\/p>\n<p data-start=\"326\" data-end=\"686\">El <strong data-start=\"329\" data-end=\"363\">acondicionador EuroCave Tahoma<\/strong> est\u00e1 dise\u00f1ado para transformar habitaciones convencionales en <strong data-start=\"426\" data-end=\"449\">cavas profesionales<\/strong>, garantizando las condiciones \u00f3ptimas de conservaci\u00f3n para el vino. Fabricado en Francia con tecnolog\u00eda de \u00faltima generaci\u00f3n, controla de forma precisa la <strong data-start=\"605\" data-end=\"633\">temperatura y la humedad<\/strong>, replicando el ambiente de una bodega subterr\u00e1nea.<\/p>\n<p data-start=\"688\" data-end=\"1020\">Su instalaci\u00f3n es sencilla y adaptable, lo que lo convierte en la soluci\u00f3n perfecta para proyectos residenciales, restaurantes y hoteles en Costa Rica que desean una bodega sin limitaciones arquitect\u00f3nicas. Con el Tahoma, cada botella se preserva libre de vibraciones y en un entorno estable, asegurando su evoluci\u00f3n en el tiempo.<\/p>\n","protected":false},"excerpt":{"rendered":"<p class=\"p1\"><strong><span class=\"s1\">Tama\u00f1o: <\/span><\/strong>Unidad interna: 295mm x 693mm x 310mm. Unidad externa: 706mm x 452mm x 334mm.<\/p>\n<p class=\"p1\"><strong><span class=\"s1\">Uso: <\/span><\/strong>Almacenamiento.<\/p>\n<p class=\"p1\"><span class=\"s1\"><strong>Tipo:<\/strong> <\/span>Enfriado por agua.<\/p>\n<p class=\"p1\"><strong><span class=\"s1\">Capacidad: <\/span><\/strong>2m\u00b3 a 20m\u00b3.<\/p>\n<p class=\"p2\"><strong>Aspectos generales:<\/strong><\/p>\n<p class=\"p1\">Nuestro Regulador de Temperatura\/Humedad Tahoma es la soluci\u00f3n ideal para peque\u00f1as \u00e1reas de degustaci\u00f3n de vinos. F\u00e1cil instalaci\u00f3n dentro de gabinetes hechos a medida o ventanas.<\/p>\n","protected":false},"featured_media":2597,"template":"","meta":{"_uag_custom_page_level_css":"","site-sidebar-layout":"default","site-content-layout":"default","ast-site-content-layout":"default","site-content-style":"default","site-sidebar-style":"default","ast-global-header-display":"","ast-banner-title-visibility":"","ast-main-header-display":"","ast-hfb-above-header-display":"","ast-hfb-below-header-display":"","ast-hfb-mobile-header-display":"","site-post-title":"","ast-breadcrumbs-content":"","ast-featured-img":"","footer-sml-layout":"","ast-disable-related-posts":"","theme-transparent-header-meta":"default","adv-header-id-meta":"","stick-header-meta":"","header-above-stick-meta":"","header-main-stick-meta":"","header-below-stick-meta":"","astra-migrate-meta-layouts":"set","ast-page-background-enabled":"default","ast-page-background-meta":{"desktop":{"background-color":"","background-image":"","background-repeat":"repeat","background-position":"center center","background-size":"auto","background-attachment":"scroll","background-type":"","background-media":"","overlay-type":"","overlay-color":"","overlay-opacity":"","overlay-gradient":""},"tablet":{"background-color":"","background-image":"","background-repeat":"repeat","background-position":"center center","background-size":"auto","background-attachment":"scroll","background-type":"","background-media":"","overlay-type":"","overlay-color":"","overlay-opacity":"","overlay-gradient":""},"mobile":{"background-color":"","background-image":"","background-repeat":"repeat","background-position":"center center","background-size":"auto","background-attachment":"scroll","background-type":"","background-media":"","overlay-type":"","overlay-color":"","overlay-opacity":"","overlay-gradient":""}},"ast-content-background-meta":{"desktop":{"background-color":"var(--ast-global-color-5)","background-image":"","background-repeat":"repeat","background-position":"center center","background-size":"auto","background-attachment":"scroll","background-type":"","background-media":"","overlay-type":"","overlay-color":"","overlay-opacity":"","overlay-gradient":""},"tablet":{"background-color":"var(--ast-global-color-5)","background-image":"","background-repeat":"repeat","background-position":"center center","background-size":"auto","background-attachment":"scroll","background-type":"","background-media":"","overlay-type":"","overlay-color":"","overlay-opacity":"","overlay-gradient":""},"mobile":{"background-color":"var(--ast-global-color-5)","background-image":"","background-repeat":"repeat","background-position":"center center","background-size":"auto","background-attachment":"scroll","background-type":"","background-media":"","overlay-type":"","overlay-color":"","overlay-opacity":"","overlay-gradient":""}},"_themeisle_gutenberg_block_has_review":false},"product_brand":[],"product_cat":[55,40],"product_tag":[],"class_list":{"0":"post-2600","1":"product","2":"type-product","3":"status-publish","4":"has-post-thumbnail","6":"product_cat-acondicionadores","7":"product_cat-eurocave","8":"desktop-align-left","9":"tablet-align-left","10":"mobile-align-left","12":"first","13":"instock","14":"shipping-taxable","15":"product-type-simple"},"uagb_featured_image_src":{"full":["https:\/\/gruposentsovi.com\/wp-content\/uploads\/2024\/03\/80-min.png",1080,1080,false],"thumbnail":["https:\/\/gruposentsovi.com\/wp-content\/uploads\/2024\/03\/80-min-150x150.png",150,150,true],"medium":["https:\/\/gruposentsovi.com\/wp-content\/uploads\/2024\/03\/80-min-300x300.png",300,300,true],"medium_large":["https:\/\/gruposentsovi.com\/wp-content\/uploads\/2024\/03\/80-min-768x768.png",768,768,true],"large":["https:\/\/gruposentsovi.com\/wp-content\/uploads\/2024\/03\/80-min-1024x1024.png",1024,1024,true],"1536x1536":["https:\/\/gruposentsovi.com\/wp-content\/uploads\/2024\/03\/80-min.png",1080,1080,false],"2048x2048":["https:\/\/gruposentsovi.com\/wp-content\/uploads\/2024\/03\/80-min.png",1080,1080,false],"mailpoet_newsletter_max":["https:\/\/gruposentsovi.com\/wp-content\/uploads\/2024\/03\/80-min.png",1080,1080,false],"woocommerce_thumbnail":["https:\/\/gruposentsovi.com\/wp-content\/uploads\/2024\/03\/80-min-200x200.png",200,200,true],"woocommerce_single":["https:\/\/gruposentsovi.com\/wp-content\/uploads\/2024\/03\/80-min-600x600.png",600,600,true],"woocommerce_gallery_thumbnail":["https:\/\/gruposentsovi.com\/wp-content\/uploads\/2024\/03\/80-min-100x100.png",100,100,true]},"uagb_author_info":{"display_name":"noucamp13","author_link":"https:\/\/gruposentsovi.com\/index.php\/author\/"},"uagb_comment_info":0,"uagb_excerpt":"Tama\u00f1o: Unidad interna: 295mm x 693mm x 310mm. Unidad externa: 706mm x 452mm x 334mm. Uso: Almacenamiento. Tipo: Enfriado por agua. Capacidad: 2m\u00b3 a 20m\u00b3. Aspectos generales: Nuestro Regulador de Temperatura\/Humedad Tahoma es la soluci\u00f3n ideal para peque\u00f1as \u00e1reas de degustaci\u00f3n de vinos. F\u00e1cil instalaci\u00f3n dentro de gabinetes hechos a medida o ventanas.","_links":{"self":[{"href":"https:\/\/gruposentsovi.com\/index.php\/wp-json\/wp\/v2\/product\/2600","targetHints":{"allow":["GET"]}}],"collection":[{"href":"https:\/\/gruposentsovi.com\/index.php\/wp-json\/wp\/v2\/product"}],"about":[{"href":"https:\/\/gruposentsovi.com\/index.php\/wp-json\/wp\/v2\/types\/product"}],"wp:featuredmedia":[{"embeddable":true,"href":"https:\/\/gruposentsovi.com\/index.php\/wp-json\/wp\/v2\/media\/2597"}],"wp:attachment":[{"href":"https:\/\/gruposentsovi.com\/index.php\/wp-json\/wp\/v2\/media?parent=2600"}],"wp:term":[{"taxonomy":"product_brand","embeddable":true,"href":"https:\/\/gruposentsovi.com\/index.php\/wp-json\/wp\/v2\/product_brand?post=2600"},{"taxonomy":"product_cat","embeddable":true,"href":"https:\/\/gruposentsovi.com\/index.php\/wp-json\/wp\/v2\/product_cat?post=2600"},{"taxonomy":"product_tag","embeddable":true,"href":"https:\/\/gruposentsovi.com\/index.php\/wp-json\/wp\/v2\/product_tag?post=2600"}],"curies":[{"name":"wp","href":"https:\/\/api.w.org\/{rel}","templated":true}]}}