{"id":2601,"date":"2024-03-24T18:46:05","date_gmt":"2024-03-25T00:46:05","guid":{"rendered":"https:\/\/gruposentsovi.com\/?post_type=product&#038;p=2601"},"modified":"2025-10-03T12:15:20","modified_gmt":"2025-10-03T18:15:20","slug":"humidor-de-cigarros","status":"publish","type":"product","link":"https:\/\/gruposentsovi.com\/index.php\/producto\/humidor-de-cigarros\/","title":{"rendered":"Humidor de cigarros"},"content":{"rendered":"<p data-start=\"194\" data-end=\"276\"><strong data-start=\"194\" data-end=\"274\">Humidor EuroCave: la conservaci\u00f3n perfecta de cigarros premium en Costa Rica<\/strong><\/p>\n<p data-start=\"278\" data-end=\"629\">El <strong data-start=\"281\" data-end=\"313\">humidor de cigarros EuroCave<\/strong> est\u00e1 dise\u00f1ado para ofrecer las <strong data-start=\"345\" data-end=\"393\">condiciones ideales de temperatura y humedad<\/strong>, preservando la calidad, aroma y sabor de cada puro. Fabricado en Francia, combina tecnolog\u00eda de precisi\u00f3n con un dise\u00f1o elegante, convirti\u00e9ndose en el complemento perfecto para coleccionistas y amantes de los cigarros en Costa Rica.<\/p>\n<p data-start=\"631\" data-end=\"977\">Gracias a su sistema de <strong data-start=\"655\" data-end=\"689\">control electr\u00f3nico de humedad<\/strong>, el humidor mantiene un ambiente estable, evitando que los cigarros se resequen o se deterioren. Sus <strong data-start=\"791\" data-end=\"840\">acabados de lujo y compartimentos ergon\u00f3micos<\/strong> permiten organizar la colecci\u00f3n de forma segura y est\u00e9tica, realzando cualquier espacio residencial, lounge o establecimiento premium.<\/p>\n","protected":false},"excerpt":{"rendered":"<p class=\"p1\"><strong><span class=\"s1\">Tama\u00f1os: <\/span><\/strong>Un \u00fanico tama\u00f1o.<\/p>\n<p class=\"p1\"><strong><span class=\"s1\">Uso: <\/span><\/strong>Almacenamiento y exhibici\u00f3n.<\/p>\n<p class=\"p1\"><strong><span class=\"s1\">Capacidad: <\/span><\/strong>700-1000 cigarros.<\/p>\n<p class=\"p2\"><strong>Pa\u00eds de fabricaci\u00f3n:<\/strong> <span class=\"s2\">Francia.<\/span><\/p>\n<p class=\"p2\"><strong>Aspectos generales:<\/strong><\/p>\n<p class=\"p1\">EuroCave te permite seleccionar y posicionar los diferentes tipos de almacenamiento dentro de tu humidor seg\u00fan tus necesidades. Contamos con almacenamiento en bandejas y cajones, los cuales se pueden combinar dependiendo del dise\u00f1o y de tu colecci\u00f3n.<\/p>\n","protected":false},"featured_media":2602,"template":"","meta":{"_uag_custom_page_level_css":"","site-sidebar-layout":"default","site-content-layout":"default","ast-site-content-layout":"default","site-content-style":"default","site-sidebar-style":"default","ast-global-header-display":"","ast-banner-title-visibility":"","ast-main-header-display":"","ast-hfb-above-header-display":"","ast-hfb-below-header-display":"","ast-hfb-mobile-header-display":"","site-post-title":"","ast-breadcrumbs-content":"","ast-featured-img":"","footer-sml-layout":"","ast-disable-related-posts":"","theme-transparent-header-meta":"default","adv-header-id-meta":"","stick-header-meta":"","header-above-stick-meta":"","header-main-stick-meta":"","header-below-stick-meta":"","astra-migrate-meta-layouts":"set","ast-page-background-enabled":"default","ast-page-background-meta":{"desktop":{"background-color":"","background-image":"","background-repeat":"repeat","background-position":"center center","background-size":"auto","background-attachment":"scroll","background-type":"","background-media":"","overlay-type":"","overlay-color":"","overlay-opacity":"","overlay-gradient":""},"tablet":{"background-color":"","background-image":"","background-repeat":"repeat","background-position":"center center","background-size":"auto","background-attachment":"scroll","background-type":"","background-media":"","overlay-type":"","overlay-color":"","overlay-opacity":"","overlay-gradient":""},"mobile":{"background-color":"","background-image":"","background-repeat":"repeat","background-position":"center center","background-size":"auto","background-attachment":"scroll","background-type":"","background-media":"","overlay-type":"","overlay-color":"","overlay-opacity":"","overlay-gradient":""}},"ast-content-background-meta":{"desktop":{"background-color":"var(--ast-global-color-5)","background-image":"","background-repeat":"repeat","background-position":"center center","background-size":"auto","background-attachment":"scroll","background-type":"","background-media":"","overlay-type":"","overlay-color":"","overlay-opacity":"","overlay-gradient":""},"tablet":{"background-color":"var(--ast-global-color-5)","background-image":"","background-repeat":"repeat","background-position":"center center","background-size":"auto","background-attachment":"scroll","background-type":"","background-media":"","overlay-type":"","overlay-color":"","overlay-opacity":"","overlay-gradient":""},"mobile":{"background-color":"var(--ast-global-color-5)","background-image":"","background-repeat":"repeat","background-position":"center center","background-size":"auto","background-attachment":"scroll","background-type":"","background-media":"","overlay-type":"","overlay-color":"","overlay-opacity":"","overlay-gradient":""}},"_themeisle_gutenberg_block_has_review":false},"product_brand":[],"product_cat":[40,56],"product_tag":[],"class_list":{"0":"post-2601","1":"product","2":"type-product","3":"status-publish","4":"has-post-thumbnail","6":"product_cat-eurocave","7":"product_cat-humidores","8":"desktop-align-left","9":"tablet-align-left","10":"mobile-align-left","12":"first","13":"instock","14":"shipping-taxable","15":"product-type-simple"},"uagb_featured_image_src":{"full":["https:\/\/gruposentsovi.com\/wp-content\/uploads\/2024\/03\/83-min.png",1080,1080,false],"thumbnail":["https:\/\/gruposentsovi.com\/wp-content\/uploads\/2024\/03\/83-min-150x150.png",150,150,true],"medium":["https:\/\/gruposentsovi.com\/wp-content\/uploads\/2024\/03\/83-min-300x300.png",300,300,true],"medium_large":["https:\/\/gruposentsovi.com\/wp-content\/uploads\/2024\/03\/83-min-768x768.png",768,768,true],"large":["https:\/\/gruposentsovi.com\/wp-content\/uploads\/2024\/03\/83-min-1024x1024.png",1024,1024,true],"1536x1536":["https:\/\/gruposentsovi.com\/wp-content\/uploads\/2024\/03\/83-min.png",1080,1080,false],"2048x2048":["https:\/\/gruposentsovi.com\/wp-content\/uploads\/2024\/03\/83-min.png",1080,1080,false],"mailpoet_newsletter_max":["https:\/\/gruposentsovi.com\/wp-content\/uploads\/2024\/03\/83-min.png",1080,1080,false],"woocommerce_thumbnail":["https:\/\/gruposentsovi.com\/wp-content\/uploads\/2024\/03\/83-min-200x200.png",200,200,true],"woocommerce_single":["https:\/\/gruposentsovi.com\/wp-content\/uploads\/2024\/03\/83-min-600x600.png",600,600,true],"woocommerce_gallery_thumbnail":["https:\/\/gruposentsovi.com\/wp-content\/uploads\/2024\/03\/83-min-100x100.png",100,100,true]},"uagb_author_info":{"display_name":"noucamp13","author_link":"https:\/\/gruposentsovi.com\/index.php\/author\/"},"uagb_comment_info":0,"uagb_excerpt":"Tama\u00f1os: Un \u00fanico tama\u00f1o. Uso: Almacenamiento y exhibici\u00f3n. Capacidad: 700-1000 cigarros. Pa\u00eds de fabricaci\u00f3n: Francia. Aspectos generales: EuroCave te permite seleccionar y posicionar los diferentes tipos de almacenamiento dentro de tu humidor seg\u00fan tus necesidades. Contamos con almacenamiento en bandejas y cajones, los cuales se pueden combinar dependiendo del dise\u00f1o y de tu colecci\u00f3n.","_links":{"self":[{"href":"https:\/\/gruposentsovi.com\/index.php\/wp-json\/wp\/v2\/product\/2601","targetHints":{"allow":["GET"]}}],"collection":[{"href":"https:\/\/gruposentsovi.com\/index.php\/wp-json\/wp\/v2\/product"}],"about":[{"href":"https:\/\/gruposentsovi.com\/index.php\/wp-json\/wp\/v2\/types\/product"}],"wp:featuredmedia":[{"embeddable":true,"href":"https:\/\/gruposentsovi.com\/index.php\/wp-json\/wp\/v2\/media\/2602"}],"wp:attachment":[{"href":"https:\/\/gruposentsovi.com\/index.php\/wp-json\/wp\/v2\/media?parent=2601"}],"wp:term":[{"taxonomy":"product_brand","embeddable":true,"href":"https:\/\/gruposentsovi.com\/index.php\/wp-json\/wp\/v2\/product_brand?post=2601"},{"taxonomy":"product_cat","embeddable":true,"href":"https:\/\/gruposentsovi.com\/index.php\/wp-json\/wp\/v2\/product_cat?post=2601"},{"taxonomy":"product_tag","embeddable":true,"href":"https:\/\/gruposentsovi.com\/index.php\/wp-json\/wp\/v2\/product_tag?post=2601"}],"curies":[{"name":"wp","href":"https:\/\/api.w.org\/{rel}","templated":true}]}}